{"id":1452,"date":"2013-10-16T12:05:38","date_gmt":"2013-10-16T10:05:38","guid":{"rendered":"http:\/\/demo.qodeinteractive.com\/bridge23\/?page_id=1452"},"modified":"2025-12-15T16:21:57","modified_gmt":"2025-12-15T15:21:57","slug":"nous-joindre","status":"publish","type":"page","link":"https:\/\/www.aerocycle.com\/fr\/nous-joindre\/","title":{"rendered":"Nous joindre"},"content":{"rendered":"<div class=\"wpb-content-wrapper\"><p>[vc_row css_animation=\u00a0\u00bb\u00a0\u00bb row_type=\u00a0\u00bbrow\u00a0\u00bb use_row_as_full_screen_section=\u00a0\u00bbno\u00a0\u00bb type=\u00a0\u00bbgrid\u00a0\u00bb angled_section=\u00a0\u00bbno\u00a0\u00bb text_align=\u00a0\u00bbleft\u00a0\u00bb background_image_as_pattern=\u00a0\u00bbwithout_pattern\u00a0\u00bb z_index=\u00a0\u00bb\u00a0\u00bb css=\u00a0\u00bb.vc_custom_1560276379716{margin-top: 50px !important;}\u00a0\u00bb][vc_column width=\u00a0\u00bb1\/2&Prime;][vc_column_text css=\u00a0\u00bb\u00a0\u00bb]<\/p>\n<h5 style=\"text-align: left;\"><span style=\"color: #0f2d52;\"><strong>SI\u00c8GE SOCIAL ET INSTALLATIONS<\/strong><\/span><\/h5>\n<p>[\/vc_column_text][vc_separator type=\u00a0\u00bbsmall\u00a0\u00bb position=\u00a0\u00bbleft\u00a0\u00bb up=\u00a0\u00bb6&Prime; down=\u00a0\u00bb6&Prime; color=\u00a0\u00bb#0F2D52&Prime;][vc_column_text css=\u00a0\u00bb\u00a0\u00bb]<a href=\"https:\/\/maps.app.goo.gl\/9LXfhqfaN8TKciik6\" target=\"_blank\" rel=\"noopener\">174-6 Rue Queen<br \/>\nGrenville, QC<br \/>\nCanada J0V 1J0<\/a>[\/vc_column_text][vc_separator type=\u00a0\u00bbtransparent\u00a0\u00bb up=\u00a0\u00bb6&Prime; down=\u00a0\u00bb6&Prime;]<span class='q_social_icon_holder normal_social' data-color=#020202 ><a itemprop='url' href='https:\/\/www.youtube.com\/channel\/UCWSiDd5eTqZ-ZK0kwUvqrkg' target='_blank'><i class=\"qode_icon_font_awesome fa fa-youtube fa-lg simple_social\" style=\"color: #020202;margin: 0 13px 25px 0;\" ><\/i><\/a><\/span>[vc_separator type=\u00a0\u00bbtransparent\u00a0\u00bb up=\u00a0\u00bb6&Prime; down=\u00a0\u00bb6&Prime;][\/vc_column][vc_column width=\u00a0\u00bb1\/2&Prime;][vc_column_text css=\u00a0\u00bb\u00a0\u00bb]<\/p>\n<h5 style=\"text-align: left;\"><span style=\"color: #0f2d52;\"><strong>NOUS JOINDRE<\/strong><\/span><\/h5>\n<p>[\/vc_column_text][vc_separator type=\u00a0\u00bbsmall\u00a0\u00bb position=\u00a0\u00bbleft\u00a0\u00bb up=\u00a0\u00bb6&Prime; down=\u00a0\u00bb6&Prime; color=\u00a0\u00bb#0F2D52&Prime;][vc_column_text css=\u00a0\u00bb\u00a0\u00bb]<a href=\"tel:15142134000\">+1 514 213-4000<\/a><\/p>\n<p><a href=\"mailto:info@aerocycle.com\">info@aerocycle.com<\/a>[\/vc_column_text][vc_column_text css=\u00a0\u00bb\u00a0\u00bb]<\/p>\n<h5 style=\"text-align: left;\"><span style=\"color: #0f2d52;\"><strong>CONTACT M\u00c9DIAS<\/strong><\/span><\/h5>\n<p>[\/vc_column_text][vc_separator type=\u00a0\u00bbsmall\u00a0\u00bb position=\u00a0\u00bbleft\u00a0\u00bb up=\u00a0\u00bb6&Prime; down=\u00a0\u00bb6&Prime; color=\u00a0\u00bb#0F2D52&Prime;][vc_column_text css=\u00a0\u00bb\u00a0\u00bb]Katherine V. Communications<br \/>\n<a href=\"mailto:katherine@katherinev.com\">katherine@katherinev.com <\/a>[\/vc_column_text][vc_separator type=\u00a0\u00bbsmall\u00a0\u00bb position=\u00a0\u00bbleft\u00a0\u00bb up=\u00a0\u00bb6&Prime; down=\u00a0\u00bb6&Prime; color=\u00a0\u00bb#008fb3&Prime;][\/vc_column][vc_column][vc_column_text]Vous souhaitez nous faire part de vos besoins? Vous voulez\u2009en savoir davantage sur nos services de d\u00e9mant\u00e8lement, de pi\u00e8ces d\u2019avions ou de gestion d\u2019actifs?<\/p>\n<p>Remplissez le formulaire et demandez que l\u2019un de nos experts vous contacte. Ou encore t\u00e9l\u00e9phonez-nous d\u00e8s aujourd\u2019hui.[\/vc_column_text][vc_separator type=\u00a0\u00bbtransparent\u00a0\u00bb up=\u00a0\u00bb15&Prime;][vc_raw_html]JTVCY29udGFjdC1mb3JtLTclMjBpZCUzRCUyMjE2ODM0JTIyJTIwdGl0bGUlM0QlMjJGb3JtdWxhaXJlJTIwZGUlMjBjb250YWN0JTIwMSUyMiU1RA==[\/vc_raw_html][\/vc_column][\/vc_row][vc_row css_animation=\u00a0\u00bb\u00a0\u00bb row_type=\u00a0\u00bbrow\u00a0\u00bb use_row_as_full_screen_section=\u00a0\u00bbno\u00a0\u00bb type=\u00a0\u00bbfull_width\u00a0\u00bb angled_section=\u00a0\u00bbno\u00a0\u00bb text_align=\u00a0\u00bbleft\u00a0\u00bb background_image_as_pattern=\u00a0\u00bbwithout_pattern\u00a0\u00bb css=\u00a0\u00bb.vc_custom_1560953971546{margin-bottom: 0px !important;padding-bottom: 0px !important;}\u00a0\u00bb z_index=\u00a0\u00bb\u00a0\u00bb][vc_column css=\u00a0\u00bb.vc_custom_1560954603604{margin-bottom: 0px !important;padding-bottom: 0px !important;}\u00a0\u00bb el_class=\u00a0\u00bbmap32&Prime;][vc_raw_html css=\u00a0\u00bb.vc_custom_1743457236507{margin-bottom: 0px !important;padding-bottom: 0px !important;}\u00a0\u00bb]JTNDJTIxLS1pZnJhbWUlMjBzcmMlM0QlMjJodHRwcyUzQSUyRiUyRnd3dy5nb29nbGUuY29tJTJGbWFwcyUyRmVtYmVkJTNGcGIlM0QlMjExbTE4JTIxMW0xMiUyMTFtMyUyMTFkMjM1MC43NzYyNjczODkyMDg0JTIxMmQtNzMuNDI2MzcyMjYwODA0ODUlMjEzZDQ1LjUxODkzODA4NTgxMjY4NSUyMTJtMyUyMTFmMCUyMTJmMCUyMTNmMCUyMTNtMiUyMTFpMTAyNCUyMTJpNzY4JTIxNGYxMy4xJTIxM20zJTIxMW0yJTIxMXMweDRjYzkwNTJmMGJmNWQwZjklMjUzQTB4N2JlZDIyMjcxYjUwNjI1ZiUyMTJzV0FBUyUyNTIwQUVST1NQQUNFJTIxNWUwJTIxM20yJTIxMXNmciUyMTJzY2ElMjE0djE2ODA3MDI0NzAxMTIlMjE1bTIlMjExc2ZyJTIxMnNjYSUyMiUyMHdpZHRoJTNEJTIyMTAwJTI1JTIyJTIwaGVpZ2h0JTNEJTIyNDYwJTIyJTIwZnJhbWVib3JkZXIlM0QlMjIwJTIyJTIwc3R5bGUlM0QlMjJib3JkZXIlM0EwJTIyJTIwYWxsb3dmdWxsc2NyZWVuJTNFJTNDJTJGaWZyYW1lLS0lM0UlMEElM0NpZnJhbWUlMjBzcmMlM0QlMjJodHRwcyUzQSUyRiUyRnd3dy5nb29nbGUuY29tJTJGbWFwcyUyRmVtYmVkJTNGcGIlM0QlMjExbTE4JTIxMW0xMiUyMTFtMyUyMTFkMjc5MC4xMzE3NTU3NzIwMjE3JTIxMmQtNzQuNjA1NjY3NTkwMDcwMzglMjEzZDQ1LjYyODA4OTQyMjM3MDg1JTIxMm0zJTIxMWYwJTIxMmYwJTIxM2YwJTIxM20yJTIxMWkxMDI0JTIxMmk3NjglMjE0ZjEzLjElMjEzbTMlMjExbTIlMjExczB4NGNjZWU1ZmVlYjY1NmY2MSUyNTNBMHg4N2U2OTI4ZmU2ZjM5NmFmJTIxMnM2JTI1MjBSdWUlMjUyMFF1ZWVuJTI1MjAlMjUyMzE3NCUyNTJDJTI1MjBHcmVudmlsbGUlMjUyQyUyNTIwUUMlMjUyMEowViUyNTIwMUowJTIxNWUwJTIxM20yJTIxMXNmciUyMTJzY2ElMjE0djE3NDM0NTYzMTc4MzglMjE1bTIlMjExc2ZyJTIxMnNjYSUyMiUyMHdpZHRoJTNEJTIyMTAwJTI1JTIyJTIwaGVpZ2h0JTNEJTIyNDYwJTIyJTIwZnJhbWVib3JkZXIlM0QlMjIwJTIyJTIwc3R5bGUlM0QlMjJib3JkZXIlM0EwJTIyJTIwYWxsb3dmdWxsc2NyZWVuJTNFJTNDJTJGaWZyYW1lJTNF[\/vc_raw_html][\/vc_column][\/vc_row]<\/p>\n<\/div>","protected":false},"excerpt":{"rendered":"<p>[vc_row css_animation=\u00a0\u00bb\u00a0\u00bb row_type=\u00a0\u00bbrow\u00a0\u00bb use_row_as_full_screen_section=\u00a0\u00bbno\u00a0\u00bb type=\u00a0\u00bbgrid\u00a0\u00bb angled_section=\u00a0\u00bbno\u00a0\u00bb text_align=\u00a0\u00bbleft\u00a0\u00bb background_image_as_pattern=\u00a0\u00bbwithout_pattern\u00a0\u00bb z_index=\u00a0\u00bb\u00a0\u00bb css=\u00a0\u00bb.vc_custom_1560276379716{margin-top: 50px !important;}\u00a0\u00bb][vc_column width=\u00a0\u00bb1\/2&Prime;][vc_column_text css=\u00a0\u00bb\u00a0\u00bb] SI\u00c8GE SOCIAL ET INSTALLATIONS [\/vc_column_text][vc_separator type=\u00a0\u00bbsmall\u00a0\u00bb position=\u00a0\u00bbleft\u00a0\u00bb up=\u00a0\u00bb6&Prime; down=\u00a0\u00bb6&Prime; color=\u00a0\u00bb#0F2D52&Prime;][vc_column_text css=\u00a0\u00bb\u00a0\u00bb]174-6 Rue Queen Grenville, QC Canada J0V 1J0[\/vc_column_text][vc_separator type=\u00a0\u00bbtransparent\u00a0\u00bb up=\u00a0\u00bb6&Prime; down=\u00a0\u00bb6&Prime;][vc_separator type=\u00a0\u00bbtransparent\u00a0\u00bb up=\u00a0\u00bb6&Prime; down=\u00a0\u00bb6&Prime;][\/vc_column][vc_column width=\u00a0\u00bb1\/2&Prime;][vc_column_text css=\u00a0\u00bb\u00a0\u00bb] NOUS JOINDRE [\/vc_column_text][vc_separator type=\u00a0\u00bbsmall\u00a0\u00bb position=\u00a0\u00bbleft\u00a0\u00bb&#8230;<\/p>\n","protected":false},"author":2,"featured_media":0,"parent":0,"menu_order":0,"comment_status":"closed","ping_status":"closed","template":"full_width.php","meta":{"footnotes":""},"class_list":["post-1452","page","type-page","status-publish","hentry"],"yoast_head":"<!-- This site is optimized with the Yoast SEO plugin v26.6 - https:\/\/yoast.com\/wordpress\/plugins\/seo\/ -->\n<title>Joindre les experts en d\u00e9mant\u00e8lement \u00e9cologique d&#039;avions - Aerocycle<\/title>\n<meta name=\"description\" content=\"Toutes les coordonn\u00e9es pour nous contacter si vous d\u00e9sirez vous d\u00e9barrasser d&#039;un vieil avion de fa\u00e7on \u00e9coresponsable et r\u00e9cup\u00e9rer des pi\u00e8ces recyclables.\" \/>\n<meta name=\"robots\" content=\"index, follow, max-snippet:-1, max-image-preview:large, max-video-preview:-1\" \/>\n<link rel=\"canonical\" href=\"https:\/\/www.aerocycle.com\/fr\/nous-joindre\/\" \/>\n<meta property=\"og:locale\" content=\"fr_FR\" \/>\n<meta property=\"og:type\" content=\"article\" \/>\n<meta property=\"og:title\" content=\"Joindre les experts en d\u00e9mant\u00e8lement \u00e9cologique d&#039;avions - Aerocycle\" \/>\n<meta property=\"og:description\" content=\"Toutes les coordonn\u00e9es pour nous contacter si vous d\u00e9sirez vous d\u00e9barrasser d&#039;un vieil avion de fa\u00e7on \u00e9coresponsable et r\u00e9cup\u00e9rer des pi\u00e8ces recyclables.\" \/>\n<meta property=\"og:url\" content=\"https:\/\/www.aerocycle.com\/fr\/nous-joindre\/\" \/>\n<meta property=\"og:site_name\" content=\"Aerocycle\" \/>\n<meta property=\"article:modified_time\" content=\"2025-12-15T15:21:57+00:00\" \/>\n<meta name=\"twitter:card\" content=\"summary_large_image\" \/>\n<meta name=\"twitter:label1\" content=\"Dur\u00e9e de lecture estim\u00e9e\" \/>\n\t<meta name=\"twitter:data1\" content=\"1 minute\" \/>\n<script type=\"application\/ld+json\" class=\"yoast-schema-graph\">{\"@context\":\"https:\/\/schema.org\",\"@graph\":[{\"@type\":\"WebPage\",\"@id\":\"https:\/\/www.aerocycle.com\/fr\/nous-joindre\/\",\"url\":\"https:\/\/www.aerocycle.com\/fr\/nous-joindre\/\",\"name\":\"Joindre les experts en d\u00e9mant\u00e8lement \u00e9cologique d'avions - Aerocycle\",\"isPartOf\":{\"@id\":\"https:\/\/www.aerocycle.com\/fr\/#website\"},\"datePublished\":\"2013-10-16T10:05:38+00:00\",\"dateModified\":\"2025-12-15T15:21:57+00:00\",\"description\":\"Toutes les coordonn\u00e9es pour nous contacter si vous d\u00e9sirez vous d\u00e9barrasser d'un vieil avion de fa\u00e7on \u00e9coresponsable et r\u00e9cup\u00e9rer des pi\u00e8ces recyclables.\",\"breadcrumb\":{\"@id\":\"https:\/\/www.aerocycle.com\/fr\/nous-joindre\/#breadcrumb\"},\"inLanguage\":\"fr-FR\",\"potentialAction\":[{\"@type\":\"ReadAction\",\"target\":[\"https:\/\/www.aerocycle.com\/fr\/nous-joindre\/\"]}]},{\"@type\":\"BreadcrumbList\",\"@id\":\"https:\/\/www.aerocycle.com\/fr\/nous-joindre\/#breadcrumb\",\"itemListElement\":[{\"@type\":\"ListItem\",\"position\":1,\"name\":\"Accueil\",\"item\":\"https:\/\/www.aerocycle.com\/fr\/\"},{\"@type\":\"ListItem\",\"position\":2,\"name\":\"Nous joindre\"}]},{\"@type\":\"WebSite\",\"@id\":\"https:\/\/www.aerocycle.com\/fr\/#website\",\"url\":\"https:\/\/www.aerocycle.com\/fr\/\",\"name\":\"Aerocycle\",\"description\":\"Un site utilisant WordPress\",\"publisher\":{\"@id\":\"https:\/\/www.aerocycle.com\/fr\/#organization\"},\"potentialAction\":[{\"@type\":\"SearchAction\",\"target\":{\"@type\":\"EntryPoint\",\"urlTemplate\":\"https:\/\/www.aerocycle.com\/fr\/?s={search_term_string}\"},\"query-input\":{\"@type\":\"PropertyValueSpecification\",\"valueRequired\":true,\"valueName\":\"search_term_string\"}}],\"inLanguage\":\"fr-FR\"},{\"@type\":\"Organization\",\"@id\":\"https:\/\/www.aerocycle.com\/fr\/#organization\",\"name\":\"Aerocycle\",\"url\":\"https:\/\/www.aerocycle.com\/fr\/\",\"logo\":{\"@type\":\"ImageObject\",\"inLanguage\":\"fr-FR\",\"@id\":\"https:\/\/www.aerocycle.com\/fr\/#\/schema\/logo\/image\/\",\"url\":\"https:\/\/www.aerocycle.com\/wp-content\/uploads\/2019\/06\/logo-Aerocycle-s.png\",\"contentUrl\":\"https:\/\/www.aerocycle.com\/wp-content\/uploads\/2019\/06\/logo-Aerocycle-s.png\",\"width\":103,\"height\":50,\"caption\":\"Aerocycle\"},\"image\":{\"@id\":\"https:\/\/www.aerocycle.com\/fr\/#\/schema\/logo\/image\/\"}}]}<\/script>\n<!-- \/ Yoast SEO plugin. -->","yoast_head_json":{"title":"Joindre les experts en d\u00e9mant\u00e8lement \u00e9cologique d'avions - Aerocycle","description":"Toutes les coordonn\u00e9es pour nous contacter si vous d\u00e9sirez vous d\u00e9barrasser d'un vieil avion de fa\u00e7on \u00e9coresponsable et r\u00e9cup\u00e9rer des pi\u00e8ces recyclables.","robots":{"index":"index","follow":"follow","max-snippet":"max-snippet:-1","max-image-preview":"max-image-preview:large","max-video-preview":"max-video-preview:-1"},"canonical":"https:\/\/www.aerocycle.com\/fr\/nous-joindre\/","og_locale":"fr_FR","og_type":"article","og_title":"Joindre les experts en d\u00e9mant\u00e8lement \u00e9cologique d'avions - Aerocycle","og_description":"Toutes les coordonn\u00e9es pour nous contacter si vous d\u00e9sirez vous d\u00e9barrasser d'un vieil avion de fa\u00e7on \u00e9coresponsable et r\u00e9cup\u00e9rer des pi\u00e8ces recyclables.","og_url":"https:\/\/www.aerocycle.com\/fr\/nous-joindre\/","og_site_name":"Aerocycle","article_modified_time":"2025-12-15T15:21:57+00:00","twitter_card":"summary_large_image","twitter_misc":{"Dur\u00e9e de lecture estim\u00e9e":"1 minute"},"schema":{"@context":"https:\/\/schema.org","@graph":[{"@type":"WebPage","@id":"https:\/\/www.aerocycle.com\/fr\/nous-joindre\/","url":"https:\/\/www.aerocycle.com\/fr\/nous-joindre\/","name":"Joindre les experts en d\u00e9mant\u00e8lement \u00e9cologique d'avions - Aerocycle","isPartOf":{"@id":"https:\/\/www.aerocycle.com\/fr\/#website"},"datePublished":"2013-10-16T10:05:38+00:00","dateModified":"2025-12-15T15:21:57+00:00","description":"Toutes les coordonn\u00e9es pour nous contacter si vous d\u00e9sirez vous d\u00e9barrasser d'un vieil avion de fa\u00e7on \u00e9coresponsable et r\u00e9cup\u00e9rer des pi\u00e8ces recyclables.","breadcrumb":{"@id":"https:\/\/www.aerocycle.com\/fr\/nous-joindre\/#breadcrumb"},"inLanguage":"fr-FR","potentialAction":[{"@type":"ReadAction","target":["https:\/\/www.aerocycle.com\/fr\/nous-joindre\/"]}]},{"@type":"BreadcrumbList","@id":"https:\/\/www.aerocycle.com\/fr\/nous-joindre\/#breadcrumb","itemListElement":[{"@type":"ListItem","position":1,"name":"Accueil","item":"https:\/\/www.aerocycle.com\/fr\/"},{"@type":"ListItem","position":2,"name":"Nous joindre"}]},{"@type":"WebSite","@id":"https:\/\/www.aerocycle.com\/fr\/#website","url":"https:\/\/www.aerocycle.com\/fr\/","name":"Aerocycle","description":"Un site utilisant WordPress","publisher":{"@id":"https:\/\/www.aerocycle.com\/fr\/#organization"},"potentialAction":[{"@type":"SearchAction","target":{"@type":"EntryPoint","urlTemplate":"https:\/\/www.aerocycle.com\/fr\/?s={search_term_string}"},"query-input":{"@type":"PropertyValueSpecification","valueRequired":true,"valueName":"search_term_string"}}],"inLanguage":"fr-FR"},{"@type":"Organization","@id":"https:\/\/www.aerocycle.com\/fr\/#organization","name":"Aerocycle","url":"https:\/\/www.aerocycle.com\/fr\/","logo":{"@type":"ImageObject","inLanguage":"fr-FR","@id":"https:\/\/www.aerocycle.com\/fr\/#\/schema\/logo\/image\/","url":"https:\/\/www.aerocycle.com\/wp-content\/uploads\/2019\/06\/logo-Aerocycle-s.png","contentUrl":"https:\/\/www.aerocycle.com\/wp-content\/uploads\/2019\/06\/logo-Aerocycle-s.png","width":103,"height":50,"caption":"Aerocycle"},"image":{"@id":"https:\/\/www.aerocycle.com\/fr\/#\/schema\/logo\/image\/"}}]}},"_links":{"self":[{"href":"https:\/\/www.aerocycle.com\/fr\/wp-json\/wp\/v2\/pages\/1452","targetHints":{"allow":["GET"]}}],"collection":[{"href":"https:\/\/www.aerocycle.com\/fr\/wp-json\/wp\/v2\/pages"}],"about":[{"href":"https:\/\/www.aerocycle.com\/fr\/wp-json\/wp\/v2\/types\/page"}],"author":[{"embeddable":true,"href":"https:\/\/www.aerocycle.com\/fr\/wp-json\/wp\/v2\/users\/2"}],"replies":[{"embeddable":true,"href":"https:\/\/www.aerocycle.com\/fr\/wp-json\/wp\/v2\/comments?post=1452"}],"version-history":[{"count":4,"href":"https:\/\/www.aerocycle.com\/fr\/wp-json\/wp\/v2\/pages\/1452\/revisions"}],"predecessor-version":[{"id":18621,"href":"https:\/\/www.aerocycle.com\/fr\/wp-json\/wp\/v2\/pages\/1452\/revisions\/18621"}],"wp:attachment":[{"href":"https:\/\/www.aerocycle.com\/fr\/wp-json\/wp\/v2\/media?parent=1452"}],"curies":[{"name":"wp","href":"https:\/\/api.w.org\/{rel}","templated":true}]}}