{"id":15304,"date":"2014-06-03T08:37:24","date_gmt":"2014-06-03T08:37:24","guid":{"rendered":"http:\/\/demo.qodeinteractive.com\/bridge23\/?page_id=15304"},"modified":"2025-07-02T21:41:16","modified_gmt":"2025-07-02T19:41:16","slug":"a-propos","status":"publish","type":"page","link":"https:\/\/www.aerocycle.com\/fr\/a-propos\/","title":{"rendered":"\u00c0 propos"},"content":{"rendered":"<div class=\"wpb-content-wrapper\"><p>[vc_row css_animation=\u00a0\u00bb\u00a0\u00bb row_type=\u00a0\u00bbrow\u00a0\u00bb use_row_as_full_screen_section=\u00a0\u00bbno\u00a0\u00bb type=\u00a0\u00bbgrid\u00a0\u00bb angled_section=\u00a0\u00bbno\u00a0\u00bb text_align=\u00a0\u00bbleft\u00a0\u00bb background_image_as_pattern=\u00a0\u00bbwithout_pattern\u00a0\u00bb padding_top=\u00a0\u00bb95&Prime; padding_bottom=\u00a0\u00bb53&Prime; background_color=\u00a0\u00bb#ffffff\u00a0\u00bb][vc_column width=\u00a0\u00bb2\/3&Prime;][vc_column_text]<\/p>\n<h2 style=\"text-align: center;\">Qui sommes-nous?<\/h2>\n<p>[\/vc_column_text][vc_separator type=\u00a0\u00bbsmall\u00a0\u00bb position=\u00a0\u00bbcenter\u00a0\u00bb color=\u00a0\u00bb#0F2D52&Prime; up=\u00a0\u00bb29&Prime; down=\u00a0\u00bb29&Prime;][vc_column_text]Aerocycle est sp\u00e9cialis\u00e9e dans le d\u00e9mant\u00e8lement \u00e9coresponsable des avions en fin de vie. Nos solutions respectueuses de l&rsquo;environnement et rentables comprennent la gestion compl\u00e8te des avions en fin de vie, de la d\u00e9contamination au d\u00e9montage, en passant par la destruction et le recyclage.<\/p>\n<p>Bas\u00e9e \u00e0 Montr\u00e9al, au Canada, l\u2019entreprise a \u00e9t\u00e9 cr\u00e9\u00e9e \u00e0 la suite d\u2019un projet pilote de d\u00e9montage d\u2019avions men\u00e9 \u00e0 l\u2019a\u00e9roport international Montr\u00e9al-Mirabel. Aerocycle a \u00e9t\u00e9 le premier d\u00e9manteleur canadien \u00e0 obtenir l&rsquo;homologation de l&rsquo;AFRA.<\/p>\n<p>L\u2019\u00e9quipe d\u2019Aerocycle compte plus de 25 ann\u00e9es d\u2019exp\u00e9rience en d\u00e9mant\u00e8lement s\u00e9curitaire et \u00e9coresponsable d\u2019\u00e9quipements en fin de vie. Elle rassemble des experts dans les domaines du recyclage de pi\u00e8ces a\u00e9ronautiques et d\u2019\u00e9quipements \u00e9lectroniques, du d\u00e9veloppement durable et du d\u00e9veloppement commercial.<\/p>\n<p>Notre entreprise a pour mission de fournir les meilleurs services de d\u00e9mant\u00e8lement \u00e9coresponsable d\u2019a\u00e9ronefs par la mise en commun des savoir-faire op\u00e9rationnel, commercial, technologique et environnemental. Aerocycle vise \u00e0 devenir un leader de renomm\u00e9e internationale dans la gestion des flottes d\u2019a\u00e9ronefs en fin de vie.<\/p>\n<p>Notre emplacement \u00e0 l&rsquo;a\u00e9roport international de Mirabel constitue par ailleurs un avantage de taille pour nos clients, qui peuvent compter sur des solutions hautement sp\u00e9cialis\u00e9es, enti\u00e8rement homologu\u00e9es et \u00e9coresponsables \u2013 offertes au Canada \u2013, en plus de r\u00e9aliser des \u00e9conomies consid\u00e9rables.[\/vc_column_text][\/vc_column][vc_column width=\u00a0\u00bb1\/3&Prime;][vc_raw_html]JTNDYXNpZGUlMjBjbGFzcyUzRCUyMnNpZGViYXIlMjIlM0UlMEElM0NzdHlsZSUzRSUwQS5ycHdlLWJsb2NrJTIwdWwlN0JsaXN0LXN0eWxlJTNBbm9uZSUyMWltcG9ydGFudCUzQm1hcmdpbi1sZWZ0JTNBMCUyMWltcG9ydGFudCUzQnBhZGRpbmctbGVmdCUzQTAlMjFpbXBvcnRhbnQlM0IlN0QucnB3ZS1ibG9jayUyMGxpJTdCYm9yZGVyLWJvdHRvbSUzQTFweCUyMHNvbGlkJTIwJTIzZWVlJTNCbWFyZ2luLWJvdHRvbSUzQTEwcHglM0JwYWRkaW5nLWJvdHRvbSUzQTEwcHglM0JsaXN0LXN0eWxlLXR5cGUlM0ElMjBub25lJTNCJTdELnJwd2UtYmxvY2slMjBhJTdCZGlzcGxheSUzQWlubGluZSUyMWltcG9ydGFudCUzQnRleHQtZGVjb3JhdGlvbiUzQW5vbmUlM0IlN0QucnB3ZS1ibG9jayUyMGgzJTdCYmFja2dyb3VuZCUzQW5vbmUlMjFpbXBvcnRhbnQlM0JjbGVhciUzQW5vbmUlM0JtYXJnaW4tYm90dG9tJTNBMCUyMWltcG9ydGFudCUzQm1hcmdpbi10b3AlM0EwJTIxaW1wb3J0YW50JTNCZm9udC13ZWlnaHQlM0E0MDAlM0Jmb250LXNpemUlM0ExMnB4JTIxaW1wb3J0YW50JTNCbGluZS1oZWlnaHQlM0ExLjVlbSUzQiU3RC5ycHdlLXRodW1iJTdCYm9yZGVyJTNBMXB4JTIwc29saWQlMjAlMjNFRUUlMjFpbXBvcnRhbnQlM0Jib3gtc2hhZG93JTNBbm9uZSUyMWltcG9ydGFudCUzQm1hcmdpbiUzQTJweCUyMDEwcHglMjAycHglMjAwJTNCcGFkZGluZyUzQTNweCUyMWltcG9ydGFudCUzQiU3RC5ycHdlLXN1bW1hcnklN0Jmb250LXNpemUlM0ExMnB4JTNCJTdELnJwd2UtdGltZSU3QmNvbG9yJTNBJTIzYmJiJTNCZm9udC1zaXplJTNBMTFweCUzQiU3RC5ycHdlLWNvbW1lbnQlN0Jjb2xvciUzQSUyM2JiYiUzQmZvbnQtc2l6ZSUzQTExcHglM0JwYWRkaW5nLWxlZnQlM0E1cHglM0IlN0QucnB3ZS1hbGlnbmxlZnQlN0JkaXNwbGF5JTNBaW5saW5lJTNCZmxvYXQlM0FsZWZ0JTNCJTdELnJwd2UtYWxpZ25yaWdodCU3QmRpc3BsYXklM0FpbmxpbmUlM0JmbG9hdCUzQXJpZ2h0JTNCJTdELnJwd2UtYWxpZ25jZW50ZXIlN0JkaXNwbGF5JTNBYmxvY2slM0JtYXJnaW4tbGVmdCUzQSUyMGF1dG8lM0JtYXJnaW4tcmlnaHQlM0ElMjBhdXRvJTNCJTdELnJwd2UtY2xlYXJmaXglM0FiZWZvcmUlMkMucnB3ZS1jbGVhcmZpeCUzQWFmdGVyJTdCY29udGVudCUzQSUyMiUyMiUzQmRpc3BsYXklM0F0YWJsZSUyMCUyMWltcG9ydGFudCUzQiU3RC5ycHdlLWNsZWFyZml4JTNBYWZ0ZXIlN0JjbGVhciUzQWJvdGglM0IlN0QucnB3ZS1jbGVhcmZpeCU3Qnpvb20lM0ExJTNCJTdEJTBBJTNDJTJGc3R5bGUlM0UlMEElM0NkaXYlMjBpZCUzRCUyMmNhdGVnb3JpZXMtNyUyMiUyMGNsYXNzJTNEJTIyd2lkZ2V0JTIwd2lkZ2V0X2NhdGVnb3JpZXMlMjBwb3N0c19ob2xkZXIlMjIlM0UlM0NoNSUzRUVuJTIwc2F2b2lyJTIwcGx1cyUzQyUyRmg1JTNFJTA5JTA5JTNDdWwlM0UlMEElMDklMDklMDklMDklMEElM0MlMkZsaSUzRSUwQSUzQ2xpJTIwY2xhc3MlM0QlMjJjYXQtaXRlbSUyMGNhdC1pdGVtLTEzNSUyMiUzRSUzQ2ElMjBocmVmJTNEJTIyJTJGZnIlMkYlM0ZwJTNEMTY3NDUlMjIlM0VEJUMzJUE5Y291dnJleiUyMG5vcyUyMGNsaWVudHMlMjBldCUyMHBhcnRlbmFpcmVzJTNDJTJGYSUzRSUwQSUzQyUyRmxpJTNFJTBBJTA5JTNDbGklMjBjbGFzcyUzRCUyMmNhdC1pdGVtJTIwY2F0LWl0ZW0tMTMzJTIyJTNFJTNDYSUyMGhyZWYlM0QlMjIlMkZmciUyRiUzRnAlM0QxNjUyMSUyMiUzRUxpc2V6JTIwbm90cmUlMjBwb2xpdGlxdWUlMjBlbnZpcm9ubmVtZW50YWxlJTNDJTJGYSUzRSUwQSUzQyUyRmxpJTNFJTBBJTA5JTBBJTNDJTJGbGklM0UlMEElMDklMDklM0MlMkZ1bCUzRSUwQSUwOSUwOSUwOSUzQyUyRmRpdiUzRSUwQSUwQSUzQyUyRmFzaWRlJTNF[\/vc_raw_html][vc_single_image image=\u00a0\u00bb16826&Prime; img_size=\u00a0\u00bbfull\u00a0\u00bb alignment=\u00a0\u00bbcenter\u00a0\u00bb qode_css_animation=\u00a0\u00bb\u00a0\u00bb][vc_column_text]<\/p>\n<p style=\"text-align: center;\"><em>Ron Haber, pr\u00e9sident d&rsquo;Aerocycle<\/em><\/p>\n<p>[\/vc_column_text][vc_separator type=\u00a0\u00bbtransparent\u00a0\u00bb up=\u00a0\u00bb15&Prime; down=\u00a0\u00bb0&Prime;][\/vc_column][\/vc_row][vc_row row_type=\u00a0\u00bbparallax\u00a0\u00bb parallax_content_width=\u00a0\u00bbin_grid\u00a0\u00bb text_align=\u00a0\u00bbleft\u00a0\u00bb full_screen_section_height=\u00a0\u00bbno\u00a0\u00bb background_image=\u00a0\u00bb16498&Prime; css=\u00a0\u00bb.vc_custom_1560262937332{margin-bottom: 0px !important;}\u00a0\u00bb section_height=\u00a0\u00bb400&Prime;][vc_column][\/vc_column][\/vc_row]<\/p>\n<\/div>","protected":false},"excerpt":{"rendered":"<p>[vc_row css_animation=\u00a0\u00bb\u00a0\u00bb row_type=\u00a0\u00bbrow\u00a0\u00bb use_row_as_full_screen_section=\u00a0\u00bbno\u00a0\u00bb type=\u00a0\u00bbgrid\u00a0\u00bb angled_section=\u00a0\u00bbno\u00a0\u00bb text_align=\u00a0\u00bbleft\u00a0\u00bb background_image_as_pattern=\u00a0\u00bbwithout_pattern\u00a0\u00bb padding_top=\u00a0\u00bb95&Prime; padding_bottom=\u00a0\u00bb53&Prime; background_color=\u00a0\u00bb#ffffff\u00a0\u00bb][vc_column width=\u00a0\u00bb2\/3&Prime;][vc_column_text] Qui sommes-nous? [\/vc_column_text][vc_separator type=\u00a0\u00bbsmall\u00a0\u00bb position=\u00a0\u00bbcenter\u00a0\u00bb color=\u00a0\u00bb#0F2D52&Prime; up=\u00a0\u00bb29&Prime; down=\u00a0\u00bb29&Prime;][vc_column_text]Aerocycle est sp\u00e9cialis\u00e9e dans le d\u00e9mant\u00e8lement \u00e9coresponsable des avions en fin de vie. Nos solutions respectueuses de l&rsquo;environnement et rentables comprennent la gestion compl\u00e8te des avions&#8230;<\/p>\n","protected":false},"author":2,"featured_media":0,"parent":0,"menu_order":0,"comment_status":"closed","ping_status":"closed","template":"full_width.php","meta":{"footnotes":""},"class_list":["post-15304","page","type-page","status-publish","hentry"],"yoast_head":"<!-- This site is optimized with the Yoast SEO plugin v26.6 - https:\/\/yoast.com\/wordpress\/plugins\/seo\/ -->\n<title>D\u00e9mant\u00e8lement \u00e9coresponsable d&#039;avions en fin de vie - Aerocycle<\/title>\n<meta name=\"description\" content=\"Nous sommes des experts dans les domaines du recyclage de pi\u00e8ces a\u00e9ronautiques et \u00e9lectroniques et du d\u00e9veloppement durable \u00e0 Montr\u00e9al, Canada.\" \/>\n<meta name=\"robots\" content=\"index, follow, max-snippet:-1, max-image-preview:large, max-video-preview:-1\" \/>\n<link rel=\"canonical\" href=\"https:\/\/www.aerocycle.com\/fr\/a-propos\/\" \/>\n<meta property=\"og:locale\" content=\"fr_FR\" \/>\n<meta property=\"og:type\" content=\"article\" \/>\n<meta property=\"og:title\" content=\"D\u00e9mant\u00e8lement \u00e9coresponsable d&#039;avions en fin de vie - Aerocycle\" \/>\n<meta property=\"og:description\" content=\"Nous sommes des experts dans les domaines du recyclage de pi\u00e8ces a\u00e9ronautiques et \u00e9lectroniques et du d\u00e9veloppement durable \u00e0 Montr\u00e9al, Canada.\" \/>\n<meta property=\"og:url\" content=\"https:\/\/www.aerocycle.com\/fr\/a-propos\/\" \/>\n<meta property=\"og:site_name\" content=\"Aerocycle\" \/>\n<meta property=\"article:modified_time\" content=\"2025-07-02T19:41:16+00:00\" \/>\n<meta name=\"twitter:card\" content=\"summary_large_image\" \/>\n<meta name=\"twitter:label1\" content=\"Dur\u00e9e de lecture estim\u00e9e\" \/>\n\t<meta name=\"twitter:data1\" content=\"2 minutes\" \/>\n<script type=\"application\/ld+json\" class=\"yoast-schema-graph\">{\"@context\":\"https:\/\/schema.org\",\"@graph\":[{\"@type\":\"WebPage\",\"@id\":\"https:\/\/www.aerocycle.com\/fr\/a-propos\/\",\"url\":\"https:\/\/www.aerocycle.com\/fr\/a-propos\/\",\"name\":\"D\u00e9mant\u00e8lement \u00e9coresponsable d'avions en fin de vie - Aerocycle\",\"isPartOf\":{\"@id\":\"https:\/\/www.aerocycle.com\/fr\/#website\"},\"datePublished\":\"2014-06-03T08:37:24+00:00\",\"dateModified\":\"2025-07-02T19:41:16+00:00\",\"description\":\"Nous sommes des experts dans les domaines du recyclage de pi\u00e8ces a\u00e9ronautiques et \u00e9lectroniques et du d\u00e9veloppement durable \u00e0 Montr\u00e9al, Canada.\",\"breadcrumb\":{\"@id\":\"https:\/\/www.aerocycle.com\/fr\/a-propos\/#breadcrumb\"},\"inLanguage\":\"fr-FR\",\"potentialAction\":[{\"@type\":\"ReadAction\",\"target\":[\"https:\/\/www.aerocycle.com\/fr\/a-propos\/\"]}]},{\"@type\":\"BreadcrumbList\",\"@id\":\"https:\/\/www.aerocycle.com\/fr\/a-propos\/#breadcrumb\",\"itemListElement\":[{\"@type\":\"ListItem\",\"position\":1,\"name\":\"Accueil\",\"item\":\"https:\/\/www.aerocycle.com\/fr\/\"},{\"@type\":\"ListItem\",\"position\":2,\"name\":\"\u00c0 propos\"}]},{\"@type\":\"WebSite\",\"@id\":\"https:\/\/www.aerocycle.com\/fr\/#website\",\"url\":\"https:\/\/www.aerocycle.com\/fr\/\",\"name\":\"Aerocycle\",\"description\":\"Un site utilisant WordPress\",\"publisher\":{\"@id\":\"https:\/\/www.aerocycle.com\/fr\/#organization\"},\"potentialAction\":[{\"@type\":\"SearchAction\",\"target\":{\"@type\":\"EntryPoint\",\"urlTemplate\":\"https:\/\/www.aerocycle.com\/fr\/?s={search_term_string}\"},\"query-input\":{\"@type\":\"PropertyValueSpecification\",\"valueRequired\":true,\"valueName\":\"search_term_string\"}}],\"inLanguage\":\"fr-FR\"},{\"@type\":\"Organization\",\"@id\":\"https:\/\/www.aerocycle.com\/fr\/#organization\",\"name\":\"Aerocycle\",\"url\":\"https:\/\/www.aerocycle.com\/fr\/\",\"logo\":{\"@type\":\"ImageObject\",\"inLanguage\":\"fr-FR\",\"@id\":\"https:\/\/www.aerocycle.com\/fr\/#\/schema\/logo\/image\/\",\"url\":\"https:\/\/www.aerocycle.com\/wp-content\/uploads\/2019\/06\/logo-Aerocycle-s.png\",\"contentUrl\":\"https:\/\/www.aerocycle.com\/wp-content\/uploads\/2019\/06\/logo-Aerocycle-s.png\",\"width\":103,\"height\":50,\"caption\":\"Aerocycle\"},\"image\":{\"@id\":\"https:\/\/www.aerocycle.com\/fr\/#\/schema\/logo\/image\/\"}}]}<\/script>\n<!-- \/ Yoast SEO plugin. -->","yoast_head_json":{"title":"D\u00e9mant\u00e8lement \u00e9coresponsable d'avions en fin de vie - Aerocycle","description":"Nous sommes des experts dans les domaines du recyclage de pi\u00e8ces a\u00e9ronautiques et \u00e9lectroniques et du d\u00e9veloppement durable \u00e0 Montr\u00e9al, Canada.","robots":{"index":"index","follow":"follow","max-snippet":"max-snippet:-1","max-image-preview":"max-image-preview:large","max-video-preview":"max-video-preview:-1"},"canonical":"https:\/\/www.aerocycle.com\/fr\/a-propos\/","og_locale":"fr_FR","og_type":"article","og_title":"D\u00e9mant\u00e8lement \u00e9coresponsable d'avions en fin de vie - Aerocycle","og_description":"Nous sommes des experts dans les domaines du recyclage de pi\u00e8ces a\u00e9ronautiques et \u00e9lectroniques et du d\u00e9veloppement durable \u00e0 Montr\u00e9al, Canada.","og_url":"https:\/\/www.aerocycle.com\/fr\/a-propos\/","og_site_name":"Aerocycle","article_modified_time":"2025-07-02T19:41:16+00:00","twitter_card":"summary_large_image","twitter_misc":{"Dur\u00e9e de lecture estim\u00e9e":"2 minutes"},"schema":{"@context":"https:\/\/schema.org","@graph":[{"@type":"WebPage","@id":"https:\/\/www.aerocycle.com\/fr\/a-propos\/","url":"https:\/\/www.aerocycle.com\/fr\/a-propos\/","name":"D\u00e9mant\u00e8lement \u00e9coresponsable d'avions en fin de vie - Aerocycle","isPartOf":{"@id":"https:\/\/www.aerocycle.com\/fr\/#website"},"datePublished":"2014-06-03T08:37:24+00:00","dateModified":"2025-07-02T19:41:16+00:00","description":"Nous sommes des experts dans les domaines du recyclage de pi\u00e8ces a\u00e9ronautiques et \u00e9lectroniques et du d\u00e9veloppement durable \u00e0 Montr\u00e9al, Canada.","breadcrumb":{"@id":"https:\/\/www.aerocycle.com\/fr\/a-propos\/#breadcrumb"},"inLanguage":"fr-FR","potentialAction":[{"@type":"ReadAction","target":["https:\/\/www.aerocycle.com\/fr\/a-propos\/"]}]},{"@type":"BreadcrumbList","@id":"https:\/\/www.aerocycle.com\/fr\/a-propos\/#breadcrumb","itemListElement":[{"@type":"ListItem","position":1,"name":"Accueil","item":"https:\/\/www.aerocycle.com\/fr\/"},{"@type":"ListItem","position":2,"name":"\u00c0 propos"}]},{"@type":"WebSite","@id":"https:\/\/www.aerocycle.com\/fr\/#website","url":"https:\/\/www.aerocycle.com\/fr\/","name":"Aerocycle","description":"Un site utilisant WordPress","publisher":{"@id":"https:\/\/www.aerocycle.com\/fr\/#organization"},"potentialAction":[{"@type":"SearchAction","target":{"@type":"EntryPoint","urlTemplate":"https:\/\/www.aerocycle.com\/fr\/?s={search_term_string}"},"query-input":{"@type":"PropertyValueSpecification","valueRequired":true,"valueName":"search_term_string"}}],"inLanguage":"fr-FR"},{"@type":"Organization","@id":"https:\/\/www.aerocycle.com\/fr\/#organization","name":"Aerocycle","url":"https:\/\/www.aerocycle.com\/fr\/","logo":{"@type":"ImageObject","inLanguage":"fr-FR","@id":"https:\/\/www.aerocycle.com\/fr\/#\/schema\/logo\/image\/","url":"https:\/\/www.aerocycle.com\/wp-content\/uploads\/2019\/06\/logo-Aerocycle-s.png","contentUrl":"https:\/\/www.aerocycle.com\/wp-content\/uploads\/2019\/06\/logo-Aerocycle-s.png","width":103,"height":50,"caption":"Aerocycle"},"image":{"@id":"https:\/\/www.aerocycle.com\/fr\/#\/schema\/logo\/image\/"}}]}},"_links":{"self":[{"href":"https:\/\/www.aerocycle.com\/fr\/wp-json\/wp\/v2\/pages\/15304","targetHints":{"allow":["GET"]}}],"collection":[{"href":"https:\/\/www.aerocycle.com\/fr\/wp-json\/wp\/v2\/pages"}],"about":[{"href":"https:\/\/www.aerocycle.com\/fr\/wp-json\/wp\/v2\/types\/page"}],"author":[{"embeddable":true,"href":"https:\/\/www.aerocycle.com\/fr\/wp-json\/wp\/v2\/users\/2"}],"replies":[{"embeddable":true,"href":"https:\/\/www.aerocycle.com\/fr\/wp-json\/wp\/v2\/comments?post=15304"}],"version-history":[{"count":3,"href":"https:\/\/www.aerocycle.com\/fr\/wp-json\/wp\/v2\/pages\/15304\/revisions"}],"predecessor-version":[{"id":18433,"href":"https:\/\/www.aerocycle.com\/fr\/wp-json\/wp\/v2\/pages\/15304\/revisions\/18433"}],"wp:attachment":[{"href":"https:\/\/www.aerocycle.com\/fr\/wp-json\/wp\/v2\/media?parent=15304"}],"curies":[{"name":"wp","href":"https:\/\/api.w.org\/{rel}","templated":true}]}}