{"id":16521,"date":"2019-06-11T17:29:10","date_gmt":"2019-06-11T15:29:10","guid":{"rendered":"http:\/\/aero.wenodev.com\/?page_id=16521"},"modified":"2025-07-02T21:43:07","modified_gmt":"2025-07-02T19:43:07","slug":"politique-environnementale","status":"publish","type":"page","link":"https:\/\/www.aerocycle.com\/fr\/a-propos\/politique-environnementale\/","title":{"rendered":"Politique environnementale"},"content":{"rendered":"<div class=\"wpb-content-wrapper\"><p>[vc_row css_animation=\u00a0\u00bb\u00a0\u00bb row_type=\u00a0\u00bbrow\u00a0\u00bb use_row_as_full_screen_section=\u00a0\u00bbno\u00a0\u00bb type=\u00a0\u00bbgrid\u00a0\u00bb angled_section=\u00a0\u00bbno\u00a0\u00bb text_align=\u00a0\u00bbleft\u00a0\u00bb background_image_as_pattern=\u00a0\u00bbwithout_pattern\u00a0\u00bb padding_top=\u00a0\u00bb95&Prime; padding_bottom=\u00a0\u00bb53&Prime; background_color=\u00a0\u00bb#ffffff\u00a0\u00bb][vc_column width=\u00a0\u00bb2\/3&Prime;][vc_column_text]<\/p>\n<h2 style=\"text-align: center;\">Protection de l\u2019environnement et responsabilit\u00e9 sociale\u00a0:<br \/>\nau c\u0153ur des activit\u00e9s d\u2019Aerocycle<\/h2>\n<p>[\/vc_column_text][vc_separator type=\u00a0\u00bbsmall\u00a0\u00bb position=\u00a0\u00bbcenter\u00a0\u00bb color=\u00a0\u00bb#0F2D52&Prime; up=\u00a0\u00bb29&Prime; down=\u00a0\u00bb80&Prime;][vc_column_text]Aerocycle s\u2019investit dans la mise au point de m\u00e9thodes \u00e0 la fine pointe de la technologie suivant les protocoles les plus rigoureux en mati\u00e8re de recyclage et de traitement des mat\u00e9riaux d\u2019a\u00e9ronefs en fin de vie. Ainsi, nous collaborons avec des partenaires et groupes de recherche afin de d\u00e9velopper des processus innovants suivant une approche d\u2019analyse du cycle de vie et les principes de l\u2019\u00e9conomie circulaire.<\/p>\n<p>Aerocycle s\u2019engage \u00e9galement \u00e0\u00a0:<\/p>\n<ul>\n<li>R\u00e9pondre aux normes et lois environnementales en portant une attention particuli\u00e8re \u00e0 la gestion des mati\u00e8res dangereuses et \u00e0 la tra\u00e7abilit\u00e9 des mat\u00e9riaux<\/li>\n<li>Am\u00e9nager des sites de d\u00e9mant\u00e8lement s\u00e9curitaires pour les travailleurs et fournir les \u00e9quipements de s\u00e9curit\u00e9 requis<\/li>\n<li>Mesurer les impacts environnementaux des activit\u00e9s d\u2019Aerocycle et chercher \u00e0 diminuer notre empreinte relative aux mati\u00e8res r\u00e9siduelles et \u00e0 la pollution de l\u2019eau, de l\u2019air et des sols<\/li>\n<li>Am\u00e9liorer continuellement la performance environnementale des projets de d\u00e9mant\u00e8lement<\/li>\n<li>Informer les sous-traitants des engagements environnementaux d\u2019Aerocycle et des proc\u00e9dures internes en mati\u00e8re de sant\u00e9 et de s\u00e9curit\u00e9<\/li>\n<li>Former et sensibiliser le personnel d\u2019Aerocycle aux enjeux environnementaux et sociaux de l\u2019entreprise et de l\u2019industrie du d\u00e9mant\u00e8lement des avions en fin de vie<\/li>\n<li>R\u00e9viser p\u00e9riodiquement notre politique<\/li>\n<\/ul>\n<p>[\/vc_column_text][\/vc_column][vc_column width=\u00a0\u00bb1\/3&Prime;][vc_raw_html]JTNDYXNpZGUlMjBjbGFzcyUzRCUyMnNpZGViYXIlMjIlM0UlMEElM0NzdHlsZSUzRSUwQS5ycHdlLWJsb2NrJTIwdWwlN0JsaXN0LXN0eWxlJTNBbm9uZSUyMWltcG9ydGFudCUzQm1hcmdpbi1sZWZ0JTNBMCUyMWltcG9ydGFudCUzQnBhZGRpbmctbGVmdCUzQTAlMjFpbXBvcnRhbnQlM0IlN0QucnB3ZS1ibG9jayUyMGxpJTdCYm9yZGVyLWJvdHRvbSUzQTFweCUyMHNvbGlkJTIwJTIzZWVlJTNCbWFyZ2luLWJvdHRvbSUzQTEwcHglM0JwYWRkaW5nLWJvdHRvbSUzQTEwcHglM0JsaXN0LXN0eWxlLXR5cGUlM0ElMjBub25lJTNCJTdELnJwd2UtYmxvY2slMjBhJTdCZGlzcGxheSUzQWlubGluZSUyMWltcG9ydGFudCUzQnRleHQtZGVjb3JhdGlvbiUzQW5vbmUlM0IlN0QucnB3ZS1ibG9jayUyMGgzJTdCYmFja2dyb3VuZCUzQW5vbmUlMjFpbXBvcnRhbnQlM0JjbGVhciUzQW5vbmUlM0JtYXJnaW4tYm90dG9tJTNBMCUyMWltcG9ydGFudCUzQm1hcmdpbi10b3AlM0EwJTIxaW1wb3J0YW50JTNCZm9udC13ZWlnaHQlM0E0MDAlM0Jmb250LXNpemUlM0ExMnB4JTIxaW1wb3J0YW50JTNCbGluZS1oZWlnaHQlM0ExLjVlbSUzQiU3RC5ycHdlLXRodW1iJTdCYm9yZGVyJTNBMXB4JTIwc29saWQlMjAlMjNFRUUlMjFpbXBvcnRhbnQlM0Jib3gtc2hhZG93JTNBbm9uZSUyMWltcG9ydGFudCUzQm1hcmdpbiUzQTJweCUyMDEwcHglMjAycHglMjAwJTNCcGFkZGluZyUzQTNweCUyMWltcG9ydGFudCUzQiU3RC5ycHdlLXN1bW1hcnklN0Jmb250LXNpemUlM0ExMnB4JTNCJTdELnJwd2UtdGltZSU3QmNvbG9yJTNBJTIzYmJiJTNCZm9udC1zaXplJTNBMTFweCUzQiU3RC5ycHdlLWNvbW1lbnQlN0Jjb2xvciUzQSUyM2JiYiUzQmZvbnQtc2l6ZSUzQTExcHglM0JwYWRkaW5nLWxlZnQlM0E1cHglM0IlN0QucnB3ZS1hbGlnbmxlZnQlN0JkaXNwbGF5JTNBaW5saW5lJTNCZmxvYXQlM0FsZWZ0JTNCJTdELnJwd2UtYWxpZ25yaWdodCU3QmRpc3BsYXklM0FpbmxpbmUlM0JmbG9hdCUzQXJpZ2h0JTNCJTdELnJwd2UtYWxpZ25jZW50ZXIlN0JkaXNwbGF5JTNBYmxvY2slM0JtYXJnaW4tbGVmdCUzQSUyMGF1dG8lM0JtYXJnaW4tcmlnaHQlM0ElMjBhdXRvJTNCJTdELnJwd2UtY2xlYXJmaXglM0FiZWZvcmUlMkMucnB3ZS1jbGVhcmZpeCUzQWFmdGVyJTdCY29udGVudCUzQSUyMiUyMiUzQmRpc3BsYXklM0F0YWJsZSUyMCUyMWltcG9ydGFudCUzQiU3RC5ycHdlLWNsZWFyZml4JTNBYWZ0ZXIlN0JjbGVhciUzQWJvdGglM0IlN0QucnB3ZS1jbGVhcmZpeCU3Qnpvb20lM0ExJTNCJTdEJTBBJTNDJTJGc3R5bGUlM0UlMEElM0NkaXYlMjBpZCUzRCUyMmNhdGVnb3JpZXMtNyUyMiUyMGNsYXNzJTNEJTIyd2lkZ2V0JTIwd2lkZ2V0X2NhdGVnb3JpZXMlMjBwb3N0c19ob2xkZXIlMjIlM0UlM0NoNSUzRUVuJTIwc2F2b2lyJTIwcGx1cyUzQyUyRmg1JTNFJTA5JTA5JTNDdWwlM0UlMEElMEElM0NsaSUyMGNsYXNzJTNEJTIyY2F0LWl0ZW0lMjBjYXQtaXRlbS0xMzMlMjIlM0UlM0NhJTIwaHJlZiUzRCUyMiUyRmZyJTJGJTNGcCUzRDE1MzA0JTIyJTNFJUMzJTgwJTIwcHJvcG9zJTIwZCUyN0ElQzMlQTlyb2N5Y2xlJTNDJTJGYSUzRSUwQSUzQyUyRmxpJTNFJTBBJTBBJTA5JTA5JTA5JTA5JTBBJTNDbGklMjBjbGFzcyUzRCUyMmNhdC1pdGVtJTIwY2F0LWl0ZW0tMTM1JTIyJTNFJTNDYSUyMGhyZWYlM0QlMjIlMkZmciUyRiUzRnAlM0QxNjc0NSUyMiUzRUQlQzMlQTljb3V2cmV6JTIwbm9zJTIwY2xpZW50cyUyMGV0JTIwcGFydGVuYWlyZXMlM0MlMkZhJTNFJTBBJTNDJTJGbGklM0UlMEElMDklMDklMEElM0MlMkZsaSUzRSUwQSUwOSUwOSUzQyUyRnVsJTNFJTBBJTA5JTA5JTA5JTNDJTJGZGl2JTNFJTBBJTBBJTNDJTJGYXNpZGUlM0U=[\/vc_raw_html][\/vc_column][\/vc_row][vc_row row_type=\u00a0\u00bbparallax\u00a0\u00bb parallax_content_width=\u00a0\u00bbin_grid\u00a0\u00bb text_align=\u00a0\u00bbleft\u00a0\u00bb full_screen_section_height=\u00a0\u00bbno\u00a0\u00bb background_image=\u00a0\u00bb16498&Prime; css=\u00a0\u00bb.vc_custom_1560266694279{margin-bottom: 0px !important;}\u00a0\u00bb section_height=\u00a0\u00bb400&Prime;][vc_column][\/vc_column][\/vc_row]<\/p>\n<\/div>","protected":false},"excerpt":{"rendered":"<p>[vc_row css_animation=\u00a0\u00bb\u00a0\u00bb row_type=\u00a0\u00bbrow\u00a0\u00bb use_row_as_full_screen_section=\u00a0\u00bbno\u00a0\u00bb type=\u00a0\u00bbgrid\u00a0\u00bb angled_section=\u00a0\u00bbno\u00a0\u00bb text_align=\u00a0\u00bbleft\u00a0\u00bb background_image_as_pattern=\u00a0\u00bbwithout_pattern\u00a0\u00bb padding_top=\u00a0\u00bb95&Prime; padding_bottom=\u00a0\u00bb53&Prime; background_color=\u00a0\u00bb#ffffff\u00a0\u00bb][vc_column width=\u00a0\u00bb2\/3&Prime;][vc_column_text] Protection de l\u2019environnement et responsabilit\u00e9 sociale\u00a0: au c\u0153ur des activit\u00e9s d\u2019Aerocycle [\/vc_column_text][vc_separator type=\u00a0\u00bbsmall\u00a0\u00bb position=\u00a0\u00bbcenter\u00a0\u00bb color=\u00a0\u00bb#0F2D52&Prime; up=\u00a0\u00bb29&Prime; down=\u00a0\u00bb80&Prime;][vc_column_text]Aerocycle s\u2019investit dans la mise au point de m\u00e9thodes \u00e0 la fine pointe de la technologie suivant&#8230;<\/p>\n","protected":false},"author":2,"featured_media":0,"parent":15304,"menu_order":0,"comment_status":"closed","ping_status":"closed","template":"full_width.php","meta":{"footnotes":""},"class_list":["post-16521","page","type-page","status-publish","hentry"],"yoast_head":"<!-- This site is optimized with the Yoast SEO plugin v26.6 - https:\/\/yoast.com\/wordpress\/plugins\/seo\/ -->\n<title>D\u00e9mant\u00e8lement et r\u00e9cup\u00e9ration \u00e9coresponsable d&#039;avions - Aerocycle<\/title>\n<meta name=\"description\" content=\"Aerocycle s\u2019investit dans recyclage et le traitement des mat\u00e9riaux d\u2019avions en fin de vie selon les normes et lois environnementales les plus strictes.\" \/>\n<meta name=\"robots\" content=\"index, follow, max-snippet:-1, max-image-preview:large, max-video-preview:-1\" \/>\n<link rel=\"canonical\" href=\"https:\/\/www.aerocycle.com\/fr\/a-propos\/politique-environnementale\/\" \/>\n<meta property=\"og:locale\" content=\"fr_FR\" \/>\n<meta property=\"og:type\" content=\"article\" \/>\n<meta property=\"og:title\" content=\"D\u00e9mant\u00e8lement et r\u00e9cup\u00e9ration \u00e9coresponsable d&#039;avions - Aerocycle\" \/>\n<meta property=\"og:description\" content=\"Aerocycle s\u2019investit dans recyclage et le traitement des mat\u00e9riaux d\u2019avions en fin de vie selon les normes et lois environnementales les plus strictes.\" \/>\n<meta property=\"og:url\" content=\"https:\/\/www.aerocycle.com\/fr\/a-propos\/politique-environnementale\/\" \/>\n<meta property=\"og:site_name\" content=\"Aerocycle\" \/>\n<meta property=\"article:modified_time\" content=\"2025-07-02T19:43:07+00:00\" \/>\n<meta name=\"twitter:card\" content=\"summary_large_image\" \/>\n<meta name=\"twitter:label1\" content=\"Dur\u00e9e de lecture estim\u00e9e\" \/>\n\t<meta name=\"twitter:data1\" content=\"2 minutes\" \/>\n<script type=\"application\/ld+json\" class=\"yoast-schema-graph\">{\"@context\":\"https:\/\/schema.org\",\"@graph\":[{\"@type\":\"WebPage\",\"@id\":\"https:\/\/www.aerocycle.com\/fr\/a-propos\/politique-environnementale\/\",\"url\":\"https:\/\/www.aerocycle.com\/fr\/a-propos\/politique-environnementale\/\",\"name\":\"D\u00e9mant\u00e8lement et r\u00e9cup\u00e9ration \u00e9coresponsable d'avions - Aerocycle\",\"isPartOf\":{\"@id\":\"https:\/\/www.aerocycle.com\/fr\/#website\"},\"datePublished\":\"2019-06-11T15:29:10+00:00\",\"dateModified\":\"2025-07-02T19:43:07+00:00\",\"description\":\"Aerocycle s\u2019investit dans recyclage et le traitement des mat\u00e9riaux d\u2019avions en fin de vie selon les normes et lois environnementales les plus strictes.\",\"breadcrumb\":{\"@id\":\"https:\/\/www.aerocycle.com\/fr\/a-propos\/politique-environnementale\/#breadcrumb\"},\"inLanguage\":\"fr-FR\",\"potentialAction\":[{\"@type\":\"ReadAction\",\"target\":[\"https:\/\/www.aerocycle.com\/fr\/a-propos\/politique-environnementale\/\"]}]},{\"@type\":\"BreadcrumbList\",\"@id\":\"https:\/\/www.aerocycle.com\/fr\/a-propos\/politique-environnementale\/#breadcrumb\",\"itemListElement\":[{\"@type\":\"ListItem\",\"position\":1,\"name\":\"Accueil\",\"item\":\"https:\/\/www.aerocycle.com\/fr\/\"},{\"@type\":\"ListItem\",\"position\":2,\"name\":\"\u00c0 propos\",\"item\":\"https:\/\/www.aerocycle.com\/fr\/a-propos\/\"},{\"@type\":\"ListItem\",\"position\":3,\"name\":\"Politique environnementale\"}]},{\"@type\":\"WebSite\",\"@id\":\"https:\/\/www.aerocycle.com\/fr\/#website\",\"url\":\"https:\/\/www.aerocycle.com\/fr\/\",\"name\":\"Aerocycle\",\"description\":\"Un site utilisant WordPress\",\"publisher\":{\"@id\":\"https:\/\/www.aerocycle.com\/fr\/#organization\"},\"potentialAction\":[{\"@type\":\"SearchAction\",\"target\":{\"@type\":\"EntryPoint\",\"urlTemplate\":\"https:\/\/www.aerocycle.com\/fr\/?s={search_term_string}\"},\"query-input\":{\"@type\":\"PropertyValueSpecification\",\"valueRequired\":true,\"valueName\":\"search_term_string\"}}],\"inLanguage\":\"fr-FR\"},{\"@type\":\"Organization\",\"@id\":\"https:\/\/www.aerocycle.com\/fr\/#organization\",\"name\":\"Aerocycle\",\"url\":\"https:\/\/www.aerocycle.com\/fr\/\",\"logo\":{\"@type\":\"ImageObject\",\"inLanguage\":\"fr-FR\",\"@id\":\"https:\/\/www.aerocycle.com\/fr\/#\/schema\/logo\/image\/\",\"url\":\"https:\/\/www.aerocycle.com\/wp-content\/uploads\/2019\/06\/logo-Aerocycle-s.png\",\"contentUrl\":\"https:\/\/www.aerocycle.com\/wp-content\/uploads\/2019\/06\/logo-Aerocycle-s.png\",\"width\":103,\"height\":50,\"caption\":\"Aerocycle\"},\"image\":{\"@id\":\"https:\/\/www.aerocycle.com\/fr\/#\/schema\/logo\/image\/\"}}]}<\/script>\n<!-- \/ Yoast SEO plugin. -->","yoast_head_json":{"title":"D\u00e9mant\u00e8lement et r\u00e9cup\u00e9ration \u00e9coresponsable d'avions - Aerocycle","description":"Aerocycle s\u2019investit dans recyclage et le traitement des mat\u00e9riaux d\u2019avions en fin de vie selon les normes et lois environnementales les plus strictes.","robots":{"index":"index","follow":"follow","max-snippet":"max-snippet:-1","max-image-preview":"max-image-preview:large","max-video-preview":"max-video-preview:-1"},"canonical":"https:\/\/www.aerocycle.com\/fr\/a-propos\/politique-environnementale\/","og_locale":"fr_FR","og_type":"article","og_title":"D\u00e9mant\u00e8lement et r\u00e9cup\u00e9ration \u00e9coresponsable d'avions - Aerocycle","og_description":"Aerocycle s\u2019investit dans recyclage et le traitement des mat\u00e9riaux d\u2019avions en fin de vie selon les normes et lois environnementales les plus strictes.","og_url":"https:\/\/www.aerocycle.com\/fr\/a-propos\/politique-environnementale\/","og_site_name":"Aerocycle","article_modified_time":"2025-07-02T19:43:07+00:00","twitter_card":"summary_large_image","twitter_misc":{"Dur\u00e9e de lecture estim\u00e9e":"2 minutes"},"schema":{"@context":"https:\/\/schema.org","@graph":[{"@type":"WebPage","@id":"https:\/\/www.aerocycle.com\/fr\/a-propos\/politique-environnementale\/","url":"https:\/\/www.aerocycle.com\/fr\/a-propos\/politique-environnementale\/","name":"D\u00e9mant\u00e8lement et r\u00e9cup\u00e9ration \u00e9coresponsable d'avions - Aerocycle","isPartOf":{"@id":"https:\/\/www.aerocycle.com\/fr\/#website"},"datePublished":"2019-06-11T15:29:10+00:00","dateModified":"2025-07-02T19:43:07+00:00","description":"Aerocycle s\u2019investit dans recyclage et le traitement des mat\u00e9riaux d\u2019avions en fin de vie selon les normes et lois environnementales les plus strictes.","breadcrumb":{"@id":"https:\/\/www.aerocycle.com\/fr\/a-propos\/politique-environnementale\/#breadcrumb"},"inLanguage":"fr-FR","potentialAction":[{"@type":"ReadAction","target":["https:\/\/www.aerocycle.com\/fr\/a-propos\/politique-environnementale\/"]}]},{"@type":"BreadcrumbList","@id":"https:\/\/www.aerocycle.com\/fr\/a-propos\/politique-environnementale\/#breadcrumb","itemListElement":[{"@type":"ListItem","position":1,"name":"Accueil","item":"https:\/\/www.aerocycle.com\/fr\/"},{"@type":"ListItem","position":2,"name":"\u00c0 propos","item":"https:\/\/www.aerocycle.com\/fr\/a-propos\/"},{"@type":"ListItem","position":3,"name":"Politique environnementale"}]},{"@type":"WebSite","@id":"https:\/\/www.aerocycle.com\/fr\/#website","url":"https:\/\/www.aerocycle.com\/fr\/","name":"Aerocycle","description":"Un site utilisant WordPress","publisher":{"@id":"https:\/\/www.aerocycle.com\/fr\/#organization"},"potentialAction":[{"@type":"SearchAction","target":{"@type":"EntryPoint","urlTemplate":"https:\/\/www.aerocycle.com\/fr\/?s={search_term_string}"},"query-input":{"@type":"PropertyValueSpecification","valueRequired":true,"valueName":"search_term_string"}}],"inLanguage":"fr-FR"},{"@type":"Organization","@id":"https:\/\/www.aerocycle.com\/fr\/#organization","name":"Aerocycle","url":"https:\/\/www.aerocycle.com\/fr\/","logo":{"@type":"ImageObject","inLanguage":"fr-FR","@id":"https:\/\/www.aerocycle.com\/fr\/#\/schema\/logo\/image\/","url":"https:\/\/www.aerocycle.com\/wp-content\/uploads\/2019\/06\/logo-Aerocycle-s.png","contentUrl":"https:\/\/www.aerocycle.com\/wp-content\/uploads\/2019\/06\/logo-Aerocycle-s.png","width":103,"height":50,"caption":"Aerocycle"},"image":{"@id":"https:\/\/www.aerocycle.com\/fr\/#\/schema\/logo\/image\/"}}]}},"_links":{"self":[{"href":"https:\/\/www.aerocycle.com\/fr\/wp-json\/wp\/v2\/pages\/16521","targetHints":{"allow":["GET"]}}],"collection":[{"href":"https:\/\/www.aerocycle.com\/fr\/wp-json\/wp\/v2\/pages"}],"about":[{"href":"https:\/\/www.aerocycle.com\/fr\/wp-json\/wp\/v2\/types\/page"}],"author":[{"embeddable":true,"href":"https:\/\/www.aerocycle.com\/fr\/wp-json\/wp\/v2\/users\/2"}],"replies":[{"embeddable":true,"href":"https:\/\/www.aerocycle.com\/fr\/wp-json\/wp\/v2\/comments?post=16521"}],"version-history":[{"count":2,"href":"https:\/\/www.aerocycle.com\/fr\/wp-json\/wp\/v2\/pages\/16521\/revisions"}],"predecessor-version":[{"id":18435,"href":"https:\/\/www.aerocycle.com\/fr\/wp-json\/wp\/v2\/pages\/16521\/revisions\/18435"}],"up":[{"embeddable":true,"href":"https:\/\/www.aerocycle.com\/fr\/wp-json\/wp\/v2\/pages\/15304"}],"wp:attachment":[{"href":"https:\/\/www.aerocycle.com\/fr\/wp-json\/wp\/v2\/media?parent=16521"}],"curies":[{"name":"wp","href":"https:\/\/api.w.org\/{rel}","templated":true}]}}