{"id":16663,"date":"2019-06-11T17:52:24","date_gmt":"2019-06-11T15:52:24","guid":{"rendered":"http:\/\/aero.wenodev.com\/?page_id=16663"},"modified":"2025-07-08T14:27:27","modified_gmt":"2025-07-08T12:27:27","slug":"services","status":"publish","type":"page","link":"https:\/\/www.aerocycle.com\/fr\/services\/","title":{"rendered":"Services"},"content":{"rendered":"<div class=\"wpb-content-wrapper\"><p>[vc_row css_animation=\u00a0\u00bb\u00a0\u00bb row_type=\u00a0\u00bbrow\u00a0\u00bb use_row_as_full_screen_section=\u00a0\u00bbno\u00a0\u00bb type=\u00a0\u00bbgrid\u00a0\u00bb angled_section=\u00a0\u00bbno\u00a0\u00bb text_align=\u00a0\u00bbleft\u00a0\u00bb background_image_as_pattern=\u00a0\u00bbwithout_pattern\u00a0\u00bb padding_top=\u00a0\u00bb95&Prime; padding_bottom=\u00a0\u00bb100&Prime; background_color=\u00a0\u00bb#f4f4f4&Prime;][vc_column][vc_column_text]<\/p>\n<h2 style=\"text-align: center;\">Des services hautement sp\u00e9cialis\u00e9s<\/h2>\n<p>[\/vc_column_text][vc_separator type=\u00a0\u00bbsmall\u00a0\u00bb position=\u00a0\u00bbcenter\u00a0\u00bb up=\u00a0\u00bb29&Prime; down=\u00a0\u00bb29&Prime; color=\u00a0\u00bb#0F2D52&Prime;][vc_column_text el_class=\u00a0\u00bbtext-limit\u00a0\u00bb]<\/p>\n<p style=\"text-align: center;\">En tant que membre homologu\u00e9 de l\u2019AFRA et de l\u2019ASA, Aerocycle met en \u0153uvre les meilleures pratiques en mati\u00e8re de service visant divers types d\u2019a\u00e9ronefs, y compris les avions de ligne (Boeing, Airbus, Embraer, Bombardier).<\/p>\n<p>[\/vc_column_text][\/vc_column][\/vc_row][vc_row css_animation=\u00a0\u00bb\u00a0\u00bb row_type=\u00a0\u00bbrow\u00a0\u00bb use_row_as_full_screen_section=\u00a0\u00bbno\u00a0\u00bb type=\u00a0\u00bbfull_width\u00a0\u00bb angled_section=\u00a0\u00bbno\u00a0\u00bb text_align=\u00a0\u00bbleft\u00a0\u00bb background_image_as_pattern=\u00a0\u00bbwithout_pattern\u00a0\u00bb background_color=\u00a0\u00bb#ffffff\u00a0\u00bb][vc_column][qode_elements_holder number_of_columns=\u00a0\u00bbtwo_columns\u00a0\u00bb][qode_elements_holder_item advanced_animations=\u00a0\u00bbno\u00a0\u00bb][vc_single_image image=\u00a0\u00bb17357&Prime; img_size=\u00a0\u00bbfull\u00a0\u00bb alignment=\u00a0\u00bbright\u00a0\u00bb css=\u00a0\u00bb\u00a0\u00bb qode_css_animation=\u00a0\u00bb\u00a0\u00bb][\/qode_elements_holder_item][qode_elements_holder_item advanced_animations=\u00a0\u00bbno\u00a0\u00bb item_padding=\u00a0\u00bb15px 45px 15px 45px\u00a0\u00bb][vc_column_text]<\/p>\n<h2 style=\"text-align: left;\">D\u00e9contamination et d\u00e9sassemblage<\/h2>\n<p>[\/vc_column_text][vc_separator type=\u00a0\u00bbsmall\u00a0\u00bb position=\u00a0\u00bbleft\u00a0\u00bb up=\u00a0\u00bb37&Prime; down=\u00a0\u00bb37&Prime;][vc_column_text el_class=\u00a0\u00bbtext-limit-box\u00a0\u00bb]<\/p>\n<ul>\n<li>D\u00e9contamination et protection des a\u00e9ronefs<\/li>\n<li>D\u00e9mant\u00e8lement et d\u00e9sassemblage des pi\u00e8ces<\/li>\n<li>Gestion int\u00e9gr\u00e9e des contrats de service pour les pi\u00e8ces d\u2019avions d\u00e9sassembl\u00e9es, r\u00e9cup\u00e9r\u00e9es, r\u00e9utilis\u00e9es ou recycl\u00e9es<\/li>\n<\/ul>\n<p>[\/vc_column_text][\/qode_elements_holder_item][\/qode_elements_holder][\/vc_column][\/vc_row][vc_row css_animation=\u00a0\u00bb\u00a0\u00bb row_type=\u00a0\u00bbrow\u00a0\u00bb use_row_as_full_screen_section=\u00a0\u00bbno\u00a0\u00bb type=\u00a0\u00bbfull_width\u00a0\u00bb angled_section=\u00a0\u00bbno\u00a0\u00bb text_align=\u00a0\u00bbleft\u00a0\u00bb background_image_as_pattern=\u00a0\u00bbwithout_pattern\u00a0\u00bb background_color=\u00a0\u00bb#ffffff\u00a0\u00bb][vc_column offset=\u00a0\u00bbvc_hidden-lg vc_hidden-md vc_hidden-sm\u00a0\u00bb][qode_elements_holder number_of_columns=\u00a0\u00bbtwo_columns\u00a0\u00bb][qode_elements_holder_item advanced_animations=\u00a0\u00bbno\u00a0\u00bb][vc_single_image image=\u00a0\u00bb17359&Prime; img_size=\u00a0\u00bbfull\u00a0\u00bb qode_css_animation=\u00a0\u00bb\u00a0\u00bb][\/qode_elements_holder_item][qode_elements_holder_item advanced_animations=\u00a0\u00bbno\u00a0\u00bb item_padding=\u00a0\u00bb15px 45px 15px 45px\u00a0\u00bb][vc_column_text]<\/p>\n<h2>Traitement et certification de pi\u00e8ces d\u2019a\u00e9ronefs<\/h2>\n<p>[\/vc_column_text][vc_separator type=\u00a0\u00bbsmall\u00a0\u00bb position=\u00a0\u00bbleft\u00a0\u00bb up=\u00a0\u00bb37&Prime; down=\u00a0\u00bb37&Prime;][vc_column_text]<\/p>\n<ul>\n<li>Les pi\u00e8ces peuvent \u00eatre stock\u00e9es, consign\u00e9es ou revendues.<\/li>\n<li>La certification des pi\u00e8ces est effectu\u00e9e par un organisme de maintenance agr\u00e9\u00e9 (OMA) approuv\u00e9 par Transports Canada Aviation civile (TCAC), la Federal Aviation Administration (FAA) et l\u2019Agence europ\u00e9enne de s\u00e9curit\u00e9 a\u00e9rienne (AESA).<\/li>\n<li>Des bons de sortie autoris\u00e9e (Form One) sont disponibles et reconnus internationalement.<\/li>\n<\/ul>\n<p>[\/vc_column_text][\/qode_elements_holder_item][\/qode_elements_holder][\/vc_column][\/vc_row][vc_row css_animation=\u00a0\u00bb\u00a0\u00bb row_type=\u00a0\u00bbrow\u00a0\u00bb use_row_as_full_screen_section=\u00a0\u00bbno\u00a0\u00bb type=\u00a0\u00bbfull_width\u00a0\u00bb angled_section=\u00a0\u00bbno\u00a0\u00bb text_align=\u00a0\u00bbleft\u00a0\u00bb background_image_as_pattern=\u00a0\u00bbwithout_pattern\u00a0\u00bb background_color=\u00a0\u00bb#ffffff\u00a0\u00bb][vc_column offset=\u00a0\u00bbvc_hidden-xs\u00a0\u00bb][qode_elements_holder number_of_columns=\u00a0\u00bbtwo_columns\u00a0\u00bb][qode_elements_holder_item horizontal_alignment=\u00a0\u00bbright\u00a0\u00bb advanced_animations=\u00a0\u00bbno\u00a0\u00bb item_padding=\u00a0\u00bb15px 45px 15px 45px\u00a0\u00bb][vc_column_text]<\/p>\n<h2>Traitement et certification de pi\u00e8ces d\u2019a\u00e9ronefs<\/h2>\n<p>[\/vc_column_text][vc_separator type=\u00a0\u00bbsmall\u00a0\u00bb position=\u00a0\u00bbright\u00a0\u00bb up=\u00a0\u00bb37&Prime; down=\u00a0\u00bb37&Prime;][vc_column_text css=\u00a0\u00bb\u00a0\u00bb el_class=\u00a0\u00bbtext-limit-box right\u00a0\u00bb]<\/p>\n<ul>\n<li>Les pi\u00e8ces peuvent \u00eatre stock\u00e9es, consign\u00e9es ou revendues.<\/li>\n<li>La certification des pi\u00e8ces est effectu\u00e9e par un organisme de maintenance agr\u00e9\u00e9 (OMA) approuv\u00e9 par Transports Canada Aviation civile (TCAC), la Federal Aviation Administration (FAA) et l\u2019Agence europ\u00e9enne de s\u00e9curit\u00e9 a\u00e9rienne (AESA).<\/li>\n<li>Des bons de sortie autoris\u00e9e (Form One) sont disponibles et reconnus internationalement.<\/li>\n<\/ul>\n<p>[\/vc_column_text][\/qode_elements_holder_item][qode_elements_holder_item advanced_animations=\u00a0\u00bbno\u00a0\u00bb][vc_single_image image=\u00a0\u00bb17359&Prime; img_size=\u00a0\u00bbfull\u00a0\u00bb qode_css_animation=\u00a0\u00bb\u00a0\u00bb][\/qode_elements_holder_item][\/qode_elements_holder][\/vc_column][\/vc_row][vc_row css_animation=\u00a0\u00bb\u00a0\u00bb row_type=\u00a0\u00bbrow\u00a0\u00bb use_row_as_full_screen_section=\u00a0\u00bbno\u00a0\u00bb type=\u00a0\u00bbfull_width\u00a0\u00bb angled_section=\u00a0\u00bbno\u00a0\u00bb text_align=\u00a0\u00bbleft\u00a0\u00bb background_image_as_pattern=\u00a0\u00bbwithout_pattern\u00a0\u00bb background_color=\u00a0\u00bb#ffffff\u00a0\u00bb][vc_column][qode_elements_holder number_of_columns=\u00a0\u00bbtwo_columns\u00a0\u00bb][qode_elements_holder_item advanced_animations=\u00a0\u00bbno\u00a0\u00bb][vc_single_image image=\u00a0\u00bb17651&Prime; img_size=\u00a0\u00bbfull\u00a0\u00bb alignment=\u00a0\u00bbright\u00a0\u00bb css=\u00a0\u00bb\u00a0\u00bb qode_css_animation=\u00a0\u00bb\u00a0\u00bb][\/qode_elements_holder_item][qode_elements_holder_item advanced_animations=\u00a0\u00bbno\u00a0\u00bb item_padding=\u00a0\u00bb15px 45px 15px 45px\u00a0\u00bb][vc_column_text]<\/p>\n<h2 style=\"text-align: left;\">Gestion d\u2019actifs<\/h2>\n<p>[\/vc_column_text][vc_separator type=\u00a0\u00bbsmall\u00a0\u00bb position=\u00a0\u00bbleft\u00a0\u00bb up=\u00a0\u00bb37&Prime; down=\u00a0\u00bb37&Prime;][vc_column_text el_class=\u00a0\u00bbtext-limit-box\u00a0\u00bb]<\/p>\n<ul>\n<li>Stationnement d\u2019avions, remisage \u00e0 long ou court terme\n<ul>\n<li>Les a\u00e9ronefs peuvent \u00eatre maintenus en \u00e9tat de navigabilit\u00e9<\/li>\n<li>Entretien effectu\u00e9 par un OMA affili\u00e9 \u00e0 Aerocycle<\/li>\n<li>Stationnement disponible pour plusieurs a\u00e9ronefs commerciaux<\/li>\n<\/ul>\n<\/li>\n<li>Inspection avant achat des avions<\/li>\n<li>Services d\u2019importation et v\u00e9rification des dossiers de l\u2019avion<\/li>\n<li>Achat et recyclage de cellules d\u2019avion<\/li>\n<li>Processus s\u00e9curis\u00e9 et document\u00e9 assurant une gestion optimale des avions en fin de vie<\/li>\n<\/ul>\n<p>[\/vc_column_text][\/qode_elements_holder_item][\/qode_elements_holder][\/vc_column][\/vc_row][vc_row css_animation=\u00a0\u00bb\u00a0\u00bb row_type=\u00a0\u00bbrow\u00a0\u00bb use_row_as_full_screen_section=\u00a0\u00bbno\u00a0\u00bb type=\u00a0\u00bbfull_width\u00a0\u00bb angled_section=\u00a0\u00bbno\u00a0\u00bb text_align=\u00a0\u00bbcenter\u00a0\u00bb background_image_as_pattern=\u00a0\u00bbwithout_pattern\u00a0\u00bb css=\u00a0\u00bb.vc_custom_1561477891511{margin-bottom: 0px !important;}\u00a0\u00bb z_index=\u00a0\u00bb\u00a0\u00bb][vc_column css=\u00a0\u00bb.vc_custom_1751487196928{background-color: #0F2D52 !important;}\u00a0\u00bb el_class=\u00a0\u00bbno-pad\u00a0\u00bb]<div class=\"qode-advanced-call-to-action\" style=\"height:110pxpx\">\n\t<a class=\"advanced-cta-link\" href=\"\/fr\/?p=1452\" target=\"_self\"><\/a>\n\t<div class=\"qode-advanced-cta-content\">\t\t\n\t    <span class=\"qode-advanced-cta-text-holder\" style=\"font-size:26px\">\n\t\t    Faites-nous part de vos besoins d\u00e8s aujourd\u2019hui : Contactez-nous en cliquant ici\t    <\/span>\n\t    <span class=\"qode-advanced-cta-icon-holder\" style=\"height:45px;width:45px\">\n\t\t    <span class=\"qode-advanced-cta-icon-holder-table\">\n\t\t    \t<span class=\"qode-advanced-cta-icon-holder-cell\" >\n\t\t\t    \t\t\t\t    <\/span>\n\t\t    <\/span>\n\t\t    \t    <\/span>\n\t<\/div>\n\t\t\t<div class=\"qode-advanced-cta-background-holder\">\n\t\t\t<span class=\"qode-advanced-cta-background-1 qode-type1-gradient-left-to-right\"><\/span>\n\t\t\t<span class=\"qode-advanced-cta-background-2 qode-type1-gradient-left-to-right\"><\/span>\n\t\t\t<span class=\"qode-advanced-cta-background-3\"><\/span>\n\t\t<\/div>\n\t<\/div>[\/vc_column][\/vc_row][vc_row row_type=\u00a0\u00bbparallax\u00a0\u00bb parallax_content_width=\u00a0\u00bbin_grid\u00a0\u00bb text_align=\u00a0\u00bbcenter\u00a0\u00bb full_screen_section_height=\u00a0\u00bbno\u00a0\u00bb background_image=\u00a0\u00bb16912&Prime; css=\u00a0\u00bb.vc_custom_1561477192456{margin-bottom: 0px !important;}\u00a0\u00bb section_height=\u00a0\u00bb400&Prime;][vc_column css=\u00a0\u00bb.vc_custom_1561477104940{padding-top: 200px !important;}\u00a0\u00bb][\/vc_column][\/vc_row]<\/p>\n<\/div>","protected":false},"excerpt":{"rendered":"<p>[vc_row css_animation=\u00a0\u00bb\u00a0\u00bb row_type=\u00a0\u00bbrow\u00a0\u00bb use_row_as_full_screen_section=\u00a0\u00bbno\u00a0\u00bb type=\u00a0\u00bbgrid\u00a0\u00bb angled_section=\u00a0\u00bbno\u00a0\u00bb text_align=\u00a0\u00bbleft\u00a0\u00bb background_image_as_pattern=\u00a0\u00bbwithout_pattern\u00a0\u00bb padding_top=\u00a0\u00bb95&Prime; padding_bottom=\u00a0\u00bb100&Prime; background_color=\u00a0\u00bb#f4f4f4&Prime;][vc_column][vc_column_text] Des services hautement sp\u00e9cialis\u00e9s [\/vc_column_text][vc_separator type=\u00a0\u00bbsmall\u00a0\u00bb position=\u00a0\u00bbcenter\u00a0\u00bb up=\u00a0\u00bb29&Prime; down=\u00a0\u00bb29&Prime; color=\u00a0\u00bb#0F2D52&Prime;][vc_column_text el_class=\u00a0\u00bbtext-limit\u00a0\u00bb] En tant que membre homologu\u00e9 de l\u2019AFRA et de l\u2019ASA, Aerocycle met en \u0153uvre les meilleures pratiques en mati\u00e8re de service visant divers&#8230;<\/p>\n","protected":false},"author":2,"featured_media":0,"parent":0,"menu_order":0,"comment_status":"closed","ping_status":"closed","template":"full_width.php","meta":{"footnotes":""},"class_list":["post-16663","page","type-page","status-publish","hentry"],"yoast_head":"<!-- This site is optimized with the Yoast SEO plugin v26.6 - https:\/\/yoast.com\/wordpress\/plugins\/seo\/ -->\n<title>D\u00e9contamination, d\u00e9sassemblage, recyclage d&#039;avions &amp; pi\u00e8ces - Aerocycle<\/title>\n<meta name=\"description\" content=\"Membre accr\u00e9dit\u00e9 AFRA et ASA, Aerocycle offre des services de d\u00e9sassemblage, de d\u00e9contamination d&#039;avions et le recyclage et la certification des pi\u00e8ces.\" \/>\n<meta name=\"robots\" content=\"index, follow, max-snippet:-1, max-image-preview:large, max-video-preview:-1\" \/>\n<link rel=\"canonical\" href=\"https:\/\/www.aerocycle.com\/fr\/services\/\" \/>\n<meta property=\"og:locale\" content=\"fr_FR\" \/>\n<meta property=\"og:type\" content=\"article\" \/>\n<meta property=\"og:title\" content=\"D\u00e9contamination, d\u00e9sassemblage, recyclage d&#039;avions &amp; pi\u00e8ces - Aerocycle\" \/>\n<meta property=\"og:description\" content=\"Membre accr\u00e9dit\u00e9 AFRA et ASA, Aerocycle offre des services de d\u00e9sassemblage, de d\u00e9contamination d&#039;avions et le recyclage et la certification des pi\u00e8ces.\" \/>\n<meta property=\"og:url\" content=\"https:\/\/www.aerocycle.com\/fr\/services\/\" \/>\n<meta property=\"og:site_name\" content=\"Aerocycle\" \/>\n<meta property=\"article:modified_time\" content=\"2025-07-08T12:27:27+00:00\" \/>\n<meta name=\"twitter:card\" content=\"summary_large_image\" \/>\n<meta name=\"twitter:label1\" content=\"Dur\u00e9e de lecture estim\u00e9e\" \/>\n\t<meta name=\"twitter:data1\" content=\"3 minutes\" \/>\n<script type=\"application\/ld+json\" class=\"yoast-schema-graph\">{\"@context\":\"https:\/\/schema.org\",\"@graph\":[{\"@type\":\"WebPage\",\"@id\":\"https:\/\/www.aerocycle.com\/fr\/services\/\",\"url\":\"https:\/\/www.aerocycle.com\/fr\/services\/\",\"name\":\"D\u00e9contamination, d\u00e9sassemblage, recyclage d'avions & pi\u00e8ces - Aerocycle\",\"isPartOf\":{\"@id\":\"https:\/\/www.aerocycle.com\/fr\/#website\"},\"datePublished\":\"2019-06-11T15:52:24+00:00\",\"dateModified\":\"2025-07-08T12:27:27+00:00\",\"description\":\"Membre accr\u00e9dit\u00e9 AFRA et ASA, Aerocycle offre des services de d\u00e9sassemblage, de d\u00e9contamination d'avions et le recyclage et la certification des pi\u00e8ces.\",\"breadcrumb\":{\"@id\":\"https:\/\/www.aerocycle.com\/fr\/services\/#breadcrumb\"},\"inLanguage\":\"fr-FR\",\"potentialAction\":[{\"@type\":\"ReadAction\",\"target\":[\"https:\/\/www.aerocycle.com\/fr\/services\/\"]}]},{\"@type\":\"BreadcrumbList\",\"@id\":\"https:\/\/www.aerocycle.com\/fr\/services\/#breadcrumb\",\"itemListElement\":[{\"@type\":\"ListItem\",\"position\":1,\"name\":\"Accueil\",\"item\":\"https:\/\/www.aerocycle.com\/fr\/\"},{\"@type\":\"ListItem\",\"position\":2,\"name\":\"Services\"}]},{\"@type\":\"WebSite\",\"@id\":\"https:\/\/www.aerocycle.com\/fr\/#website\",\"url\":\"https:\/\/www.aerocycle.com\/fr\/\",\"name\":\"Aerocycle\",\"description\":\"Un site utilisant WordPress\",\"publisher\":{\"@id\":\"https:\/\/www.aerocycle.com\/fr\/#organization\"},\"potentialAction\":[{\"@type\":\"SearchAction\",\"target\":{\"@type\":\"EntryPoint\",\"urlTemplate\":\"https:\/\/www.aerocycle.com\/fr\/?s={search_term_string}\"},\"query-input\":{\"@type\":\"PropertyValueSpecification\",\"valueRequired\":true,\"valueName\":\"search_term_string\"}}],\"inLanguage\":\"fr-FR\"},{\"@type\":\"Organization\",\"@id\":\"https:\/\/www.aerocycle.com\/fr\/#organization\",\"name\":\"Aerocycle\",\"url\":\"https:\/\/www.aerocycle.com\/fr\/\",\"logo\":{\"@type\":\"ImageObject\",\"inLanguage\":\"fr-FR\",\"@id\":\"https:\/\/www.aerocycle.com\/fr\/#\/schema\/logo\/image\/\",\"url\":\"https:\/\/www.aerocycle.com\/wp-content\/uploads\/2019\/06\/logo-Aerocycle-s.png\",\"contentUrl\":\"https:\/\/www.aerocycle.com\/wp-content\/uploads\/2019\/06\/logo-Aerocycle-s.png\",\"width\":103,\"height\":50,\"caption\":\"Aerocycle\"},\"image\":{\"@id\":\"https:\/\/www.aerocycle.com\/fr\/#\/schema\/logo\/image\/\"}}]}<\/script>\n<!-- \/ Yoast SEO plugin. -->","yoast_head_json":{"title":"D\u00e9contamination, d\u00e9sassemblage, recyclage d'avions & pi\u00e8ces - Aerocycle","description":"Membre accr\u00e9dit\u00e9 AFRA et ASA, Aerocycle offre des services de d\u00e9sassemblage, de d\u00e9contamination d'avions et le recyclage et la certification des pi\u00e8ces.","robots":{"index":"index","follow":"follow","max-snippet":"max-snippet:-1","max-image-preview":"max-image-preview:large","max-video-preview":"max-video-preview:-1"},"canonical":"https:\/\/www.aerocycle.com\/fr\/services\/","og_locale":"fr_FR","og_type":"article","og_title":"D\u00e9contamination, d\u00e9sassemblage, recyclage d'avions & pi\u00e8ces - Aerocycle","og_description":"Membre accr\u00e9dit\u00e9 AFRA et ASA, Aerocycle offre des services de d\u00e9sassemblage, de d\u00e9contamination d'avions et le recyclage et la certification des pi\u00e8ces.","og_url":"https:\/\/www.aerocycle.com\/fr\/services\/","og_site_name":"Aerocycle","article_modified_time":"2025-07-08T12:27:27+00:00","twitter_card":"summary_large_image","twitter_misc":{"Dur\u00e9e de lecture estim\u00e9e":"3 minutes"},"schema":{"@context":"https:\/\/schema.org","@graph":[{"@type":"WebPage","@id":"https:\/\/www.aerocycle.com\/fr\/services\/","url":"https:\/\/www.aerocycle.com\/fr\/services\/","name":"D\u00e9contamination, d\u00e9sassemblage, recyclage d'avions & pi\u00e8ces - Aerocycle","isPartOf":{"@id":"https:\/\/www.aerocycle.com\/fr\/#website"},"datePublished":"2019-06-11T15:52:24+00:00","dateModified":"2025-07-08T12:27:27+00:00","description":"Membre accr\u00e9dit\u00e9 AFRA et ASA, Aerocycle offre des services de d\u00e9sassemblage, de d\u00e9contamination d'avions et le recyclage et la certification des pi\u00e8ces.","breadcrumb":{"@id":"https:\/\/www.aerocycle.com\/fr\/services\/#breadcrumb"},"inLanguage":"fr-FR","potentialAction":[{"@type":"ReadAction","target":["https:\/\/www.aerocycle.com\/fr\/services\/"]}]},{"@type":"BreadcrumbList","@id":"https:\/\/www.aerocycle.com\/fr\/services\/#breadcrumb","itemListElement":[{"@type":"ListItem","position":1,"name":"Accueil","item":"https:\/\/www.aerocycle.com\/fr\/"},{"@type":"ListItem","position":2,"name":"Services"}]},{"@type":"WebSite","@id":"https:\/\/www.aerocycle.com\/fr\/#website","url":"https:\/\/www.aerocycle.com\/fr\/","name":"Aerocycle","description":"Un site utilisant WordPress","publisher":{"@id":"https:\/\/www.aerocycle.com\/fr\/#organization"},"potentialAction":[{"@type":"SearchAction","target":{"@type":"EntryPoint","urlTemplate":"https:\/\/www.aerocycle.com\/fr\/?s={search_term_string}"},"query-input":{"@type":"PropertyValueSpecification","valueRequired":true,"valueName":"search_term_string"}}],"inLanguage":"fr-FR"},{"@type":"Organization","@id":"https:\/\/www.aerocycle.com\/fr\/#organization","name":"Aerocycle","url":"https:\/\/www.aerocycle.com\/fr\/","logo":{"@type":"ImageObject","inLanguage":"fr-FR","@id":"https:\/\/www.aerocycle.com\/fr\/#\/schema\/logo\/image\/","url":"https:\/\/www.aerocycle.com\/wp-content\/uploads\/2019\/06\/logo-Aerocycle-s.png","contentUrl":"https:\/\/www.aerocycle.com\/wp-content\/uploads\/2019\/06\/logo-Aerocycle-s.png","width":103,"height":50,"caption":"Aerocycle"},"image":{"@id":"https:\/\/www.aerocycle.com\/fr\/#\/schema\/logo\/image\/"}}]}},"_links":{"self":[{"href":"https:\/\/www.aerocycle.com\/fr\/wp-json\/wp\/v2\/pages\/16663","targetHints":{"allow":["GET"]}}],"collection":[{"href":"https:\/\/www.aerocycle.com\/fr\/wp-json\/wp\/v2\/pages"}],"about":[{"href":"https:\/\/www.aerocycle.com\/fr\/wp-json\/wp\/v2\/types\/page"}],"author":[{"embeddable":true,"href":"https:\/\/www.aerocycle.com\/fr\/wp-json\/wp\/v2\/users\/2"}],"replies":[{"embeddable":true,"href":"https:\/\/www.aerocycle.com\/fr\/wp-json\/wp\/v2\/comments?post=16663"}],"version-history":[{"count":4,"href":"https:\/\/www.aerocycle.com\/fr\/wp-json\/wp\/v2\/pages\/16663\/revisions"}],"predecessor-version":[{"id":18550,"href":"https:\/\/www.aerocycle.com\/fr\/wp-json\/wp\/v2\/pages\/16663\/revisions\/18550"}],"wp:attachment":[{"href":"https:\/\/www.aerocycle.com\/fr\/wp-json\/wp\/v2\/media?parent=16663"}],"curies":[{"name":"wp","href":"https:\/\/api.w.org\/{rel}","templated":true}]}}