{"id":16681,"date":"2019-06-11T18:08:37","date_gmt":"2019-06-11T16:08:37","guid":{"rendered":"http:\/\/aero.wenodev.com\/?page_id=16681"},"modified":"2025-07-02T23:14:32","modified_gmt":"2025-07-02T21:14:32","slug":"processus","status":"publish","type":"page","link":"https:\/\/www.aerocycle.com\/fr\/services\/processus\/","title":{"rendered":"Processus"},"content":{"rendered":"<div class=\"wpb-content-wrapper\"><p>[vc_row css_animation=\u00a0\u00bb\u00a0\u00bb row_type=\u00a0\u00bbrow\u00a0\u00bb use_row_as_full_screen_section=\u00a0\u00bbno\u00a0\u00bb type=\u00a0\u00bbgrid\u00a0\u00bb angled_section=\u00a0\u00bbno\u00a0\u00bb text_align=\u00a0\u00bbleft\u00a0\u00bb background_image_as_pattern=\u00a0\u00bbwithout_pattern\u00a0\u00bb padding_top=\u00a0\u00bb95&Prime; padding_bottom=\u00a0\u00bb100&Prime; background_color=\u00a0\u00bb#f4f4f4&Prime;][vc_column][vc_column_text]<\/p>\n<h2 style=\"text-align: center;\">Un processus homologu\u00e9 et \u00e9coresponsable<\/h2>\n<p>[\/vc_column_text][vc_separator type=\u00a0\u00bbsmall\u00a0\u00bb position=\u00a0\u00bbcenter\u00a0\u00bb up=\u00a0\u00bb29&Prime; down=\u00a0\u00bb29&Prime; color=\u00a0\u00bb#0F2D52&Prime;][vc_column_text el_class=\u00a0\u00bbtext-limit\u00a0\u00bb]<\/p>\n<p style=\"text-align: center;\">Lorsque l\u2019avion arrive \u00e0 notre site pour \u00eatre d\u00e9mantel\u00e9, Aerocycle se charge de chaque \u00e9tape du processus \u2013 y compris la gestion des risques pour l\u2019environnement li\u00e9s \u00e0 la d\u00e9contamination \u2013 en collaboration avec l\u2019organisme de maintenance agr\u00e9\u00e9 (OMA) approuv\u00e9 par Transports Canada..<\/p>\n<p>[\/vc_column_text][\/vc_column][\/vc_row][vc_row css_animation=\u00a0\u00bb\u00a0\u00bb row_type=\u00a0\u00bbrow\u00a0\u00bb use_row_as_full_screen_section=\u00a0\u00bbno\u00a0\u00bb type=\u00a0\u00bbgrid\u00a0\u00bb angled_section=\u00a0\u00bbno\u00a0\u00bb text_align=\u00a0\u00bbleft\u00a0\u00bb background_image_as_pattern=\u00a0\u00bbwithout_pattern\u00a0\u00bb background_color=\u00a0\u00bb#ffffff\u00a0\u00bb z_index=\u00a0\u00bb\u00a0\u00bb][vc_column width=\u00a0\u00bb1\/3&Prime;][vc_separator type=\u00a0\u00bbtransparent\u00a0\u00bb up=\u00a0\u00bb32px\u00a0\u00bb]<div class='q_icon_with_title large custom_icon_image center '><div class=\"icon_holder \" style=\" \"><img decoding=\"async\" src=\"https:\/\/www.aerocycle.com\/wp-content\/uploads\/2025\/07\/iconfinder_circle-07_1013820-1.png\" alt=\"\"><\/div><div class=\"icon_text_holder\" style=\"\"><div class=\"icon_text_inner\" style=\"\"><h5 class=\"icon_title\" style=\"\"><\/h5><p style=''><\/p><\/div><\/div><\/div>[vc_column_text]<\/p>\n<h2 style=\"text-align: center;\">Syst\u00e8mes<\/h2>\n<p>[\/vc_column_text][vc_column_text]Avant d\u2019entreprendre le d\u00e9mant\u00e8lement de l\u2019avion, nos techniciens d\u2019entretien d\u2019a\u00e9ronefs effectuent une s\u00e9rie de tests, y compris un point fixe moteur, afin de d\u00e9terminer l\u2019\u00e9tat des syst\u00e8mes de l\u2019appareil.<\/p>\n<p>Une fois les tests termin\u00e9s, les r\u00e9servoirs de carburant de l\u2019avion sont vidang\u00e9s, drain\u00e9s et aspir\u00e9s. Les syst\u00e8mes hydrauliques sont \u00e9galement vid\u00e9s et purg\u00e9s et les mati\u00e8res dangereuses (hazmat) sont \u00e9limin\u00e9es conform\u00e9ment \u00e0 la r\u00e9glementation locale.<br \/>\n[\/vc_column_text][\/vc_column][vc_column width=\u00a0\u00bb1\/3&Prime;][vc_separator type=\u00a0\u00bbtransparent\u00a0\u00bb up=\u00a0\u00bb32px\u00a0\u00bb]<div class='q_icon_with_title large custom_icon_image center '><div class=\"icon_holder \" style=\" \"><img decoding=\"async\" src=\"https:\/\/www.aerocycle.com\/wp-content\/uploads\/2025\/07\/att-3.png\" alt=\"\"><\/div><div class=\"icon_text_holder\" style=\"\"><div class=\"icon_text_inner\" style=\"\"><h5 class=\"icon_title\" style=\"\"><\/h5><p style=''><\/p><\/div><\/div><\/div>[vc_column_text]<\/p>\n<h2 style=\"text-align: center;\">Pi\u00e8ces<\/h2>\n<p>[\/vc_column_text][vc_separator type=\u00a0\u00bbtransparent\u00a0\u00bb up=\u00a0\u00bb12px\u00a0\u00bb][vc_column_text]Avant de retirer les pi\u00e8ces, nos techniciens impriment le manuel de maintenance de l\u2019a\u00e9ronef (MMA) et le catalogue de pi\u00e8ces illustr\u00e9 (IPC) et suivent les instructions du constructeur. Ce processus garantit le respect des proc\u00e9dures appropri\u00e9es et la r\u00e9duction des risques de dommages aux pi\u00e8ces lors du retrait, et permet d\u2019assurer que les pi\u00e8ces retir\u00e9es sont en \u00e9tat de fonctionnement ou r\u00e9utilisables.<\/p>\n<p>Une fois les pi\u00e8ces retir\u00e9es, elles sont inspect\u00e9es, \u00e9tiquet\u00e9es, emball\u00e9es et trait\u00e9es dans nos installations. En tant que fournisseur de pi\u00e8ces homologu\u00e9 par l\u2019ASA, nous pouvons stocker, vendre, envoyer pour r\u00e9vision ou mettre au rebut vos pi\u00e8ces selon un processus strictement contr\u00f4l\u00e9.<br \/>\n[\/vc_column_text][\/vc_column][vc_column width=\u00a0\u00bb1\/3&Prime;][vc_separator type=\u00a0\u00bbtransparent\u00a0\u00bb up=\u00a0\u00bb32&Prime;]<div class='q_icon_with_title very_large normal_icon center '><div class=\"icon_holder \" style=\" \"><span data-icon-type=\"normal\" class=\"qode_iwt_icon_holder q_font_awsome_icon fa-5x  \"><i class=\"qode_icon_font_awesome fa fa-recycle qode_iwt_icon_element\" style=\"color: #0F2D52\"><\/i><\/span><\/div><div class=\"icon_text_holder\" style=\"\"><div class=\"icon_text_inner\" style=\"\"><h5 class=\"icon_title\" style=\"\"><\/h5><p style=''><\/p><\/div><\/div><\/div>[vc_column_text]<\/p>\n<h2 style=\"text-align: center;\">Recyclage<\/h2>\n<p>[\/vc_column_text][vc_separator type=\u00a0\u00bbtransparent\u00a0\u00bb up=\u00a0\u00bb12px\u00a0\u00bb][vc_column_text]<\/p>\n<div class=\"wpb_text_column wpb_content_element \">\n<div class=\"wpb_wrapper\">\n<p>Lorsque le d\u00e9mant\u00e8lement de l\u2019avion est termin\u00e9, les mat\u00e9riaux restants tels que les composants int\u00e9rieurs, les moulures, les rev\u00eatements de sol, les isolants, les c\u00e2bles, les connecteurs, etc. sont enlev\u00e9s afin d\u2019obtenir un m\u00e9tal recyclable de haute puret\u00e9. De nombreux composants retir\u00e9s \u00e0 ce stade sont \u00e9galement recycl\u00e9s.<\/p>\n<p>La derni\u00e8re \u00e9tape du processus consiste \u00e0 d\u00e9couper la cellule en petites sections \u00e0 envoyer aux recycleurs de m\u00e9taux. Aerocycle effectue cette derni\u00e8re \u00e9tape avec l\u2019aide des autorit\u00e9s a\u00e9roportuaires et du Service d\u2019incendie d\u2019A\u00e9roports de Montr\u00e9al (SIADM).<\/p><\/div>\n<\/div>\n<p>[\/vc_column_text][\/vc_column][\/vc_row][vc_row css_animation=\u00a0\u00bb\u00a0\u00bb row_type=\u00a0\u00bbrow\u00a0\u00bb use_row_as_full_screen_section=\u00a0\u00bbno\u00a0\u00bb type=\u00a0\u00bbgrid\u00a0\u00bb angled_section=\u00a0\u00bbno\u00a0\u00bb text_align=\u00a0\u00bbleft\u00a0\u00bb background_image_as_pattern=\u00a0\u00bbwithout_pattern\u00a0\u00bb background_color=\u00a0\u00bb#ffffff\u00a0\u00bb z_index=\u00a0\u00bb\u00a0\u00bb css=\u00a0\u00bb.vc_custom_1562031048374{margin-bottom: 50px !important;}\u00a0\u00bb][vc_column width=\u00a0\u00bb1\/2&Prime;][vc_separator type=\u00a0\u00bbtransparent\u00a0\u00bb up=\u00a0\u00bb32px\u00a0\u00bb]<div class='q_icon_with_title large custom_icon_image center '><div class=\"icon_holder \" style=\" \"><img decoding=\"async\" src=\"https:\/\/www.aerocycle.com\/wp-content\/uploads\/2025\/07\/iconfinder_48_3900100-1.png\" alt=\"\"><\/div><div class=\"icon_text_holder\" style=\"\"><div class=\"icon_text_inner\" style=\"\"><h5 class=\"icon_title\" style=\"\"><\/h5><p style=''><\/p><\/div><\/div><\/div>[vc_column_text]<\/p>\n<h2 style=\"text-align: center;\">Meilleures pratiques<\/h2>\n<p>[\/vc_column_text][vc_separator type=\u00a0\u00bbtransparent\u00a0\u00bb up=\u00a0\u00bb12px\u00a0\u00bb][vc_column_text]En tant qu\u2019entreprise de d\u00e9mant\u00e8lement homologu\u00e9e par l\u2019AFRA, nous ex\u00e9cutons chaque \u00e9tape du projet conform\u00e9ment \u00e0 notre Manuel des meilleures pratiques de gestion afin d\u2019obtenir des r\u00e9sultats de qualit\u00e9 sup\u00e9rieure tout au long du processus.<\/p>\n<p>En tant que fournisseur de pi\u00e8ces homologu\u00e9 ASA-100, nous nous engageons \u00e0 fournir \u00e0 nos clients des pi\u00e8ces d\u2019avion de qualit\u00e9 dans le cadre d\u2019un processus structur\u00e9 et strictement contr\u00f4l\u00e9.<br \/>\n[\/vc_column_text][\/vc_column][vc_column width=\u00a0\u00bb1\/2&Prime;][vc_separator type=\u00a0\u00bbtransparent\u00a0\u00bb up=\u00a0\u00bb32px\u00a0\u00bb]<div class='q_icon_with_title large custom_icon_image center '><div class=\"icon_holder \" style=\" \"><img decoding=\"async\" src=\"https:\/\/www.aerocycle.com\/wp-content\/uploads\/2025\/07\/search-1.png\" alt=\"\"><\/div><div class=\"icon_text_holder\" style=\"\"><div class=\"icon_text_inner\" style=\"\"><h5 class=\"icon_title\" style=\"\"><\/h5><p style=''><\/p><\/div><\/div><\/div>[vc_column_text]<\/p>\n<h2 style=\"text-align: center;\">Rapports<\/h2>\n<p>[\/vc_column_text][vc_separator type=\u00a0\u00bbtransparent\u00a0\u00bb up=\u00a0\u00bb12px\u00a0\u00bb][vc_column_text]Une fois le projet termin\u00e9, les documents suivants sont fournis au client\u202f:<\/p>\n<ul>\n<li>Rapport d\u2019activit\u00e9<\/li>\n<li>R\u00e9sultats en mati\u00e8re de gestion des d\u00e9chets et d\u00e9clarations environnementales<\/li>\n<li>Certificats de destruction et de recyclage.<\/li>\n<\/ul>\n<p>[\/vc_column_text][\/vc_column][\/vc_row][vc_row css_animation=\u00a0\u00bb\u00a0\u00bb row_type=\u00a0\u00bbrow\u00a0\u00bb use_row_as_full_screen_section=\u00a0\u00bbno\u00a0\u00bb type=\u00a0\u00bbfull_width\u00a0\u00bb angled_section=\u00a0\u00bbno\u00a0\u00bb text_align=\u00a0\u00bbcenter\u00a0\u00bb background_image_as_pattern=\u00a0\u00bbwithout_pattern\u00a0\u00bb css=\u00a0\u00bb.vc_custom_1561477891511{margin-bottom: 0px !important;}\u00a0\u00bb z_index=\u00a0\u00bb\u00a0\u00bb][vc_column css=\u00a0\u00bb.vc_custom_1751485749177{background-color: #0F2D52 !important;}\u00a0\u00bb el_class=\u00a0\u00bbno-pad\u00a0\u00bb]<div class=\"qode-advanced-call-to-action\" style=\"height:110pxpx\">\n\t<a class=\"advanced-cta-link\" href=\"\/fr\/?p=1452\" target=\"_self\"><\/a>\n\t<div class=\"qode-advanced-cta-content\">\t\t\n\t    <span class=\"qode-advanced-cta-text-holder\" style=\"font-size:26px\">\n\t\t    Faites-nous part de vos besoins d\u00e8s aujourd\u2019hui : Contactez-nous en cliquant ici\t    <\/span>\n\t    <span class=\"qode-advanced-cta-icon-holder\" style=\"height:45px;width:45px\">\n\t\t    <span class=\"qode-advanced-cta-icon-holder-table\">\n\t\t    \t<span class=\"qode-advanced-cta-icon-holder-cell\" >\n\t\t\t    \t\t\t\t    <\/span>\n\t\t    <\/span>\n\t\t    \t    <\/span>\n\t<\/div>\n\t\t\t<div class=\"qode-advanced-cta-background-holder\">\n\t\t\t<span class=\"qode-advanced-cta-background-1 qode-type1-gradient-left-to-right\"><\/span>\n\t\t\t<span class=\"qode-advanced-cta-background-2 qode-type1-gradient-left-to-right\"><\/span>\n\t\t\t<span class=\"qode-advanced-cta-background-3\"><\/span>\n\t\t<\/div>\n\t<\/div>[\/vc_column][\/vc_row][vc_row row_type=\u00a0\u00bbparallax\u00a0\u00bb parallax_content_width=\u00a0\u00bbin_grid\u00a0\u00bb text_align=\u00a0\u00bbleft\u00a0\u00bb full_screen_section_height=\u00a0\u00bbno\u00a0\u00bb background_image=\u00a0\u00bb16912&Prime; css=\u00a0\u00bb.vc_custom_1560440188086{margin-bottom: 0px !important;}\u00a0\u00bb section_height=\u00a0\u00bb400&Prime;][vc_column][\/vc_column][\/vc_row]<\/p>\n<\/div>","protected":false},"excerpt":{"rendered":"<p>[vc_row css_animation=\u00a0\u00bb\u00a0\u00bb row_type=\u00a0\u00bbrow\u00a0\u00bb use_row_as_full_screen_section=\u00a0\u00bbno\u00a0\u00bb type=\u00a0\u00bbgrid\u00a0\u00bb angled_section=\u00a0\u00bbno\u00a0\u00bb text_align=\u00a0\u00bbleft\u00a0\u00bb background_image_as_pattern=\u00a0\u00bbwithout_pattern\u00a0\u00bb padding_top=\u00a0\u00bb95&Prime; padding_bottom=\u00a0\u00bb100&Prime; background_color=\u00a0\u00bb#f4f4f4&Prime;][vc_column][vc_column_text] Un processus homologu\u00e9 et \u00e9coresponsable [\/vc_column_text][vc_separator type=\u00a0\u00bbsmall\u00a0\u00bb position=\u00a0\u00bbcenter\u00a0\u00bb up=\u00a0\u00bb29&Prime; down=\u00a0\u00bb29&Prime; color=\u00a0\u00bb#0F2D52&Prime;][vc_column_text el_class=\u00a0\u00bbtext-limit\u00a0\u00bb] Lorsque l\u2019avion arrive \u00e0 notre site pour \u00eatre d\u00e9mantel\u00e9, Aerocycle se charge de chaque \u00e9tape du processus \u2013 y compris la gestion&#8230;<\/p>\n","protected":false},"author":2,"featured_media":0,"parent":16663,"menu_order":0,"comment_status":"closed","ping_status":"closed","template":"full_width.php","meta":{"footnotes":""},"class_list":["post-16681","page","type-page","status-publish","hentry"],"yoast_head":"<!-- This site is optimized with the Yoast SEO plugin v26.6 - https:\/\/yoast.com\/wordpress\/plugins\/seo\/ -->\n<title>Entreprise de d\u00e9mant\u00e8lement d&#039;avions accr\u00e9dit\u00e9e par l\u2019AFRA - Aerocycle<\/title>\n<meta name=\"description\" content=\"Aerocycle se charge de toutes les \u00e9tapes du processus certifi\u00e9, \u00e9coresponsable et de la gestion de risques avec des certificats de destruction et recyclage.\" \/>\n<meta name=\"robots\" content=\"index, follow, max-snippet:-1, max-image-preview:large, max-video-preview:-1\" \/>\n<link rel=\"canonical\" href=\"https:\/\/www.aerocycle.com\/fr\/services\/processus\/\" \/>\n<meta property=\"og:locale\" content=\"fr_FR\" \/>\n<meta property=\"og:type\" content=\"article\" \/>\n<meta property=\"og:title\" content=\"Entreprise de d\u00e9mant\u00e8lement d&#039;avions accr\u00e9dit\u00e9e par l\u2019AFRA - Aerocycle\" \/>\n<meta property=\"og:description\" content=\"Aerocycle se charge de toutes les \u00e9tapes du processus certifi\u00e9, \u00e9coresponsable et de la gestion de risques avec des certificats de destruction et recyclage.\" \/>\n<meta property=\"og:url\" content=\"https:\/\/www.aerocycle.com\/fr\/services\/processus\/\" \/>\n<meta property=\"og:site_name\" content=\"Aerocycle\" \/>\n<meta property=\"article:modified_time\" content=\"2025-07-02T21:14:32+00:00\" \/>\n<meta name=\"twitter:card\" content=\"summary_large_image\" \/>\n<meta name=\"twitter:label1\" content=\"Dur\u00e9e de lecture estim\u00e9e\" \/>\n\t<meta name=\"twitter:data1\" content=\"3 minutes\" \/>\n<script type=\"application\/ld+json\" class=\"yoast-schema-graph\">{\"@context\":\"https:\/\/schema.org\",\"@graph\":[{\"@type\":\"WebPage\",\"@id\":\"https:\/\/www.aerocycle.com\/fr\/services\/processus\/\",\"url\":\"https:\/\/www.aerocycle.com\/fr\/services\/processus\/\",\"name\":\"Entreprise de d\u00e9mant\u00e8lement d'avions accr\u00e9dit\u00e9e par l\u2019AFRA - Aerocycle\",\"isPartOf\":{\"@id\":\"https:\/\/www.aerocycle.com\/fr\/#website\"},\"datePublished\":\"2019-06-11T16:08:37+00:00\",\"dateModified\":\"2025-07-02T21:14:32+00:00\",\"description\":\"Aerocycle se charge de toutes les \u00e9tapes du processus certifi\u00e9, \u00e9coresponsable et de la gestion de risques avec des certificats de destruction et recyclage.\",\"breadcrumb\":{\"@id\":\"https:\/\/www.aerocycle.com\/fr\/services\/processus\/#breadcrumb\"},\"inLanguage\":\"fr-FR\",\"potentialAction\":[{\"@type\":\"ReadAction\",\"target\":[\"https:\/\/www.aerocycle.com\/fr\/services\/processus\/\"]}]},{\"@type\":\"BreadcrumbList\",\"@id\":\"https:\/\/www.aerocycle.com\/fr\/services\/processus\/#breadcrumb\",\"itemListElement\":[{\"@type\":\"ListItem\",\"position\":1,\"name\":\"Accueil\",\"item\":\"https:\/\/www.aerocycle.com\/fr\/\"},{\"@type\":\"ListItem\",\"position\":2,\"name\":\"Services\",\"item\":\"https:\/\/www.aerocycle.com\/fr\/services\/\"},{\"@type\":\"ListItem\",\"position\":3,\"name\":\"Processus\"}]},{\"@type\":\"WebSite\",\"@id\":\"https:\/\/www.aerocycle.com\/fr\/#website\",\"url\":\"https:\/\/www.aerocycle.com\/fr\/\",\"name\":\"Aerocycle\",\"description\":\"Un site utilisant WordPress\",\"publisher\":{\"@id\":\"https:\/\/www.aerocycle.com\/fr\/#organization\"},\"potentialAction\":[{\"@type\":\"SearchAction\",\"target\":{\"@type\":\"EntryPoint\",\"urlTemplate\":\"https:\/\/www.aerocycle.com\/fr\/?s={search_term_string}\"},\"query-input\":{\"@type\":\"PropertyValueSpecification\",\"valueRequired\":true,\"valueName\":\"search_term_string\"}}],\"inLanguage\":\"fr-FR\"},{\"@type\":\"Organization\",\"@id\":\"https:\/\/www.aerocycle.com\/fr\/#organization\",\"name\":\"Aerocycle\",\"url\":\"https:\/\/www.aerocycle.com\/fr\/\",\"logo\":{\"@type\":\"ImageObject\",\"inLanguage\":\"fr-FR\",\"@id\":\"https:\/\/www.aerocycle.com\/fr\/#\/schema\/logo\/image\/\",\"url\":\"https:\/\/www.aerocycle.com\/wp-content\/uploads\/2019\/06\/logo-Aerocycle-s.png\",\"contentUrl\":\"https:\/\/www.aerocycle.com\/wp-content\/uploads\/2019\/06\/logo-Aerocycle-s.png\",\"width\":103,\"height\":50,\"caption\":\"Aerocycle\"},\"image\":{\"@id\":\"https:\/\/www.aerocycle.com\/fr\/#\/schema\/logo\/image\/\"}}]}<\/script>\n<!-- \/ Yoast SEO plugin. -->","yoast_head_json":{"title":"Entreprise de d\u00e9mant\u00e8lement d'avions accr\u00e9dit\u00e9e par l\u2019AFRA - Aerocycle","description":"Aerocycle se charge de toutes les \u00e9tapes du processus certifi\u00e9, \u00e9coresponsable et de la gestion de risques avec des certificats de destruction et recyclage.","robots":{"index":"index","follow":"follow","max-snippet":"max-snippet:-1","max-image-preview":"max-image-preview:large","max-video-preview":"max-video-preview:-1"},"canonical":"https:\/\/www.aerocycle.com\/fr\/services\/processus\/","og_locale":"fr_FR","og_type":"article","og_title":"Entreprise de d\u00e9mant\u00e8lement d'avions accr\u00e9dit\u00e9e par l\u2019AFRA - Aerocycle","og_description":"Aerocycle se charge de toutes les \u00e9tapes du processus certifi\u00e9, \u00e9coresponsable et de la gestion de risques avec des certificats de destruction et recyclage.","og_url":"https:\/\/www.aerocycle.com\/fr\/services\/processus\/","og_site_name":"Aerocycle","article_modified_time":"2025-07-02T21:14:32+00:00","twitter_card":"summary_large_image","twitter_misc":{"Dur\u00e9e de lecture estim\u00e9e":"3 minutes"},"schema":{"@context":"https:\/\/schema.org","@graph":[{"@type":"WebPage","@id":"https:\/\/www.aerocycle.com\/fr\/services\/processus\/","url":"https:\/\/www.aerocycle.com\/fr\/services\/processus\/","name":"Entreprise de d\u00e9mant\u00e8lement d'avions accr\u00e9dit\u00e9e par l\u2019AFRA - Aerocycle","isPartOf":{"@id":"https:\/\/www.aerocycle.com\/fr\/#website"},"datePublished":"2019-06-11T16:08:37+00:00","dateModified":"2025-07-02T21:14:32+00:00","description":"Aerocycle se charge de toutes les \u00e9tapes du processus certifi\u00e9, \u00e9coresponsable et de la gestion de risques avec des certificats de destruction et recyclage.","breadcrumb":{"@id":"https:\/\/www.aerocycle.com\/fr\/services\/processus\/#breadcrumb"},"inLanguage":"fr-FR","potentialAction":[{"@type":"ReadAction","target":["https:\/\/www.aerocycle.com\/fr\/services\/processus\/"]}]},{"@type":"BreadcrumbList","@id":"https:\/\/www.aerocycle.com\/fr\/services\/processus\/#breadcrumb","itemListElement":[{"@type":"ListItem","position":1,"name":"Accueil","item":"https:\/\/www.aerocycle.com\/fr\/"},{"@type":"ListItem","position":2,"name":"Services","item":"https:\/\/www.aerocycle.com\/fr\/services\/"},{"@type":"ListItem","position":3,"name":"Processus"}]},{"@type":"WebSite","@id":"https:\/\/www.aerocycle.com\/fr\/#website","url":"https:\/\/www.aerocycle.com\/fr\/","name":"Aerocycle","description":"Un site utilisant WordPress","publisher":{"@id":"https:\/\/www.aerocycle.com\/fr\/#organization"},"potentialAction":[{"@type":"SearchAction","target":{"@type":"EntryPoint","urlTemplate":"https:\/\/www.aerocycle.com\/fr\/?s={search_term_string}"},"query-input":{"@type":"PropertyValueSpecification","valueRequired":true,"valueName":"search_term_string"}}],"inLanguage":"fr-FR"},{"@type":"Organization","@id":"https:\/\/www.aerocycle.com\/fr\/#organization","name":"Aerocycle","url":"https:\/\/www.aerocycle.com\/fr\/","logo":{"@type":"ImageObject","inLanguage":"fr-FR","@id":"https:\/\/www.aerocycle.com\/fr\/#\/schema\/logo\/image\/","url":"https:\/\/www.aerocycle.com\/wp-content\/uploads\/2019\/06\/logo-Aerocycle-s.png","contentUrl":"https:\/\/www.aerocycle.com\/wp-content\/uploads\/2019\/06\/logo-Aerocycle-s.png","width":103,"height":50,"caption":"Aerocycle"},"image":{"@id":"https:\/\/www.aerocycle.com\/fr\/#\/schema\/logo\/image\/"}}]}},"_links":{"self":[{"href":"https:\/\/www.aerocycle.com\/fr\/wp-json\/wp\/v2\/pages\/16681","targetHints":{"allow":["GET"]}}],"collection":[{"href":"https:\/\/www.aerocycle.com\/fr\/wp-json\/wp\/v2\/pages"}],"about":[{"href":"https:\/\/www.aerocycle.com\/fr\/wp-json\/wp\/v2\/types\/page"}],"author":[{"embeddable":true,"href":"https:\/\/www.aerocycle.com\/fr\/wp-json\/wp\/v2\/users\/2"}],"replies":[{"embeddable":true,"href":"https:\/\/www.aerocycle.com\/fr\/wp-json\/wp\/v2\/comments?post=16681"}],"version-history":[{"count":4,"href":"https:\/\/www.aerocycle.com\/fr\/wp-json\/wp\/v2\/pages\/16681\/revisions"}],"predecessor-version":[{"id":18451,"href":"https:\/\/www.aerocycle.com\/fr\/wp-json\/wp\/v2\/pages\/16681\/revisions\/18451"}],"up":[{"embeddable":true,"href":"https:\/\/www.aerocycle.com\/fr\/wp-json\/wp\/v2\/pages\/16663"}],"wp:attachment":[{"href":"https:\/\/www.aerocycle.com\/fr\/wp-json\/wp\/v2\/media?parent=16681"}],"curies":[{"name":"wp","href":"https:\/\/api.w.org\/{rel}","templated":true}]}}