{"id":16745,"date":"2019-06-11T19:03:48","date_gmt":"2019-06-11T17:03:48","guid":{"rendered":"http:\/\/aero.wenodev.com\/?page_id=16745"},"modified":"2024-05-01T22:36:58","modified_gmt":"2024-05-01T20:36:58","slug":"clients-et-partenaires","status":"publish","type":"page","link":"https:\/\/www.aerocycle.com\/fr\/a-propos\/clients-et-partenaires\/","title":{"rendered":"Clients et partenaires"},"content":{"rendered":"<div class=\"wpb-content-wrapper\"><p>[vc_row css_animation=\u00a0\u00bb\u00a0\u00bb row_type=\u00a0\u00bbrow\u00a0\u00bb use_row_as_full_screen_section=\u00a0\u00bbno\u00a0\u00bb type=\u00a0\u00bbgrid\u00a0\u00bb angled_section=\u00a0\u00bbno\u00a0\u00bb text_align=\u00a0\u00bbleft\u00a0\u00bb background_image_as_pattern=\u00a0\u00bbwithout_pattern\u00a0\u00bb padding_top=\u00a0\u00bb95&Prime; padding_bottom=\u00a0\u00bb53&Prime; background_color=\u00a0\u00bb#ffffff\u00a0\u00bb][vc_column width=\u00a0\u00bb2\/3&Prime;][vc_column_text]Aerocycle travaille de concert avec de grandes soci\u00e9t\u00e9s soucieuses du d\u00e9veloppement durable afin de les aider \u00e0 g\u00e9rer leurs flottes en fin de vie de fa\u00e7on s\u00e9curitaire et socialement responsable. Nous mettons constamment au point des solutions adapt\u00e9es aux besoins de nos clients.<\/p>\n<p>La client\u00e8le d\u2019Aerocycle se compose principalement de transporteurs a\u00e9riens, de locateurs d\u2019avions et de gouvernements. Nous sommes \u00e9galement fiers de travailler \u00e9troitement avec les organisations suivantes afin d\u2019offrir \u00e0 nos clients les meilleurs services qui soient.[\/vc_column_text][\/vc_column][vc_column width=\u00a0\u00bb1\/3&Prime;][vc_raw_html]JTNDYXNpZGUlMjBjbGFzcyUzRCUyMnNpZGViYXIlMjIlM0UlMEElM0NzdHlsZSUzRSUwQS5ycHdlLWJsb2NrJTIwdWwlN0JsaXN0LXN0eWxlJTNBbm9uZSUyMWltcG9ydGFudCUzQm1hcmdpbi1sZWZ0JTNBMCUyMWltcG9ydGFudCUzQnBhZGRpbmctbGVmdCUzQTAlMjFpbXBvcnRhbnQlM0IlN0QucnB3ZS1ibG9jayUyMGxpJTdCYm9yZGVyLWJvdHRvbSUzQTFweCUyMHNvbGlkJTIwJTIzZWVlJTNCbWFyZ2luLWJvdHRvbSUzQTEwcHglM0JwYWRkaW5nLWJvdHRvbSUzQTEwcHglM0JsaXN0LXN0eWxlLXR5cGUlM0ElMjBub25lJTNCJTdELnJwd2UtYmxvY2slMjBhJTdCZGlzcGxheSUzQWlubGluZSUyMWltcG9ydGFudCUzQnRleHQtZGVjb3JhdGlvbiUzQW5vbmUlM0IlN0QucnB3ZS1ibG9jayUyMGgzJTdCYmFja2dyb3VuZCUzQW5vbmUlMjFpbXBvcnRhbnQlM0JjbGVhciUzQW5vbmUlM0JtYXJnaW4tYm90dG9tJTNBMCUyMWltcG9ydGFudCUzQm1hcmdpbi10b3AlM0EwJTIxaW1wb3J0YW50JTNCZm9udC13ZWlnaHQlM0E0MDAlM0Jmb250LXNpemUlM0ExMnB4JTIxaW1wb3J0YW50JTNCbGluZS1oZWlnaHQlM0ExLjVlbSUzQiU3RC5ycHdlLXRodW1iJTdCYm9yZGVyJTNBMXB4JTIwc29saWQlMjAlMjNFRUUlMjFpbXBvcnRhbnQlM0Jib3gtc2hhZG93JTNBbm9uZSUyMWltcG9ydGFudCUzQm1hcmdpbiUzQTJweCUyMDEwcHglMjAycHglMjAwJTNCcGFkZGluZyUzQTNweCUyMWltcG9ydGFudCUzQiU3RC5ycHdlLXN1bW1hcnklN0Jmb250LXNpemUlM0ExMnB4JTNCJTdELnJwd2UtdGltZSU3QmNvbG9yJTNBJTIzYmJiJTNCZm9udC1zaXplJTNBMTFweCUzQiU3RC5ycHdlLWNvbW1lbnQlN0Jjb2xvciUzQSUyM2JiYiUzQmZvbnQtc2l6ZSUzQTExcHglM0JwYWRkaW5nLWxlZnQlM0E1cHglM0IlN0QucnB3ZS1hbGlnbmxlZnQlN0JkaXNwbGF5JTNBaW5saW5lJTNCZmxvYXQlM0FsZWZ0JTNCJTdELnJwd2UtYWxpZ25yaWdodCU3QmRpc3BsYXklM0FpbmxpbmUlM0JmbG9hdCUzQXJpZ2h0JTNCJTdELnJwd2UtYWxpZ25jZW50ZXIlN0JkaXNwbGF5JTNBYmxvY2slM0JtYXJnaW4tbGVmdCUzQSUyMGF1dG8lM0JtYXJnaW4tcmlnaHQlM0ElMjBhdXRvJTNCJTdELnJwd2UtY2xlYXJmaXglM0FiZWZvcmUlMkMucnB3ZS1jbGVhcmZpeCUzQWFmdGVyJTdCY29udGVudCUzQSUyMiUyMiUzQmRpc3BsYXklM0F0YWJsZSUyMCUyMWltcG9ydGFudCUzQiU3RC5ycHdlLWNsZWFyZml4JTNBYWZ0ZXIlN0JjbGVhciUzQWJvdGglM0IlN0QucnB3ZS1jbGVhcmZpeCU3Qnpvb20lM0ExJTNCJTdEJTBBJTNDJTJGc3R5bGUlM0UlMEElM0NkaXYlMjBpZCUzRCUyMmNhdGVnb3JpZXMtNyUyMiUyMGNsYXNzJTNEJTIyd2lkZ2V0JTIwd2lkZ2V0X2NhdGVnb3JpZXMlMjBwb3N0c19ob2xkZXIlMjIlM0UlM0NoNSUzRUVuJTIwc2F2b2lyJTIwcGx1cyUzQyUyRmg1JTNFJTA5JTA5JTNDdWwlM0UlMEElM0NsaSUyMGNsYXNzJTNEJTIyY2F0LWl0ZW0lMjBjYXQtaXRlbS0xMzQlMjIlM0UlM0NhJTIwaHJlZiUzRCUyMiUyRmZyJTJGJTNGcCUzRDE1MzA0JTIyJTNFJUMzJTgwJTIwcHJvcG9zJTIwZCUyN0ElQzMlQTlyb2N5Y2xlJTNDJTJGYSUzRSUwQSUzQyUyRmxpJTNFJTBBJTA5JTA5JTA5JTA5JTBBJTA5JTNDbGklMjBjbGFzcyUzRCUyMmNhdC1pdGVtJTIwY2F0LWl0ZW0tMTMzJTIyJTNFJTNDYSUyMGhyZWYlM0QlMjIlMkZmciUyRiUzRnAlM0QxNjUyMSUyMiUzRUxpc2V6JTIwbm90cmUlMjBwb2xpdGlxdWUlMjBlbnZpcm9ubmVtZW50YWxlJTNDJTJGYSUzRSUwQSUzQyUyRmxpJTNFJTBBJTA5JTBBJTNDJTJGbGklM0UlMEElMDklMDklM0MlMkZ1bCUzRSUwQSUwOSUwOSUwOSUzQyUyRmRpdiUzRSUwQSUwQSUzQyUyRmFzaWRlJTNF[\/vc_raw_html][\/vc_column][\/vc_row][vc_row css_animation=\u00a0\u00bb\u00a0\u00bb row_type=\u00a0\u00bbrow\u00a0\u00bb use_row_as_full_screen_section=\u00a0\u00bbno\u00a0\u00bb type=\u00a0\u00bbgrid\u00a0\u00bb angled_section=\u00a0\u00bbno\u00a0\u00bb text_align=\u00a0\u00bbleft\u00a0\u00bb background_image_as_pattern=\u00a0\u00bbwithout_pattern\u00a0\u00bb z_index=\u00a0\u00bb\u00a0\u00bb css=\u00a0\u00bb.vc_custom_1562463375305{background-color: #ffffff !important;}\u00a0\u00bb][vc_column][vc_row_inner row_type=\u00a0\u00bbrow\u00a0\u00bb type=\u00a0\u00bbfull_width\u00a0\u00bb text_align=\u00a0\u00bbleft\u00a0\u00bb css_animation=\u00a0\u00bb\u00a0\u00bb css=\u00a0\u00bb.vc_custom_1562463381763{margin-top: 50px !important;margin-bottom: 50px !important;}\u00a0\u00bb][vc_column_inner width=\u00a0\u00bb1\/4&Prime;][vc_single_image image=\u00a0\u00bb16756&Prime; img_size=\u00a0\u00bblarge\u00a0\u00bb alignment=\u00a0\u00bbcenter\u00a0\u00bb onclick=\u00a0\u00bbcustom_link\u00a0\u00bb img_link_target=\u00a0\u00bb_blank\u00a0\u00bb qode_css_animation=\u00a0\u00bb\u00a0\u00bb link=\u00a0\u00bbhttps:\/\/www.admtl.com\/\u00a0\u00bb][\/vc_column_inner][vc_column_inner width=\u00a0\u00bb1\/4&Prime;][vc_single_image image=\u00a0\u00bb16752&Prime; img_size=\u00a0\u00bblarge\u00a0\u00bb alignment=\u00a0\u00bbcenter\u00a0\u00bb onclick=\u00a0\u00bbcustom_link\u00a0\u00bb img_link_target=\u00a0\u00bb_blank\u00a0\u00bb qode_css_animation=\u00a0\u00bb\u00a0\u00bb link=\u00a0\u00bbhttps:\/\/www.airtransat.com\u00a0\u00bb][\/vc_column_inner][vc_column_inner width=\u00a0\u00bb1\/4&Prime;][vc_single_image image=\u00a0\u00bb16746&Prime; img_size=\u00a0\u00bblarge\u00a0\u00bb alignment=\u00a0\u00bbcenter\u00a0\u00bb onclick=\u00a0\u00bbcustom_link\u00a0\u00bb img_link_target=\u00a0\u00bb_blank\u00a0\u00bb qode_css_animation=\u00a0\u00bb\u00a0\u00bb link=\u00a0\u00bbhttps:\/\/www.aeromontreal.ca\/\u00a0\u00bb][\/vc_column_inner][vc_column_inner width=\u00a0\u00bb1\/4&Prime;][vc_single_image image=\u00a0\u00bb16763&Prime; img_size=\u00a0\u00bblarge\u00a0\u00bb alignment=\u00a0\u00bbcenter\u00a0\u00bb onclick=\u00a0\u00bbcustom_link\u00a0\u00bb img_link_target=\u00a0\u00bb_blank\u00a0\u00bb qode_css_animation=\u00a0\u00bb\u00a0\u00bb link=\u00a0\u00bbhttp:\/\/www.ceteq.quebec\/\u00a0\u00bb][\/vc_column_inner][\/vc_row_inner][\/vc_column][\/vc_row]<\/p>\n<\/div>","protected":false},"excerpt":{"rendered":"<p>[vc_row css_animation=\u00a0\u00bb\u00a0\u00bb row_type=\u00a0\u00bbrow\u00a0\u00bb use_row_as_full_screen_section=\u00a0\u00bbno\u00a0\u00bb type=\u00a0\u00bbgrid\u00a0\u00bb angled_section=\u00a0\u00bbno\u00a0\u00bb text_align=\u00a0\u00bbleft\u00a0\u00bb background_image_as_pattern=\u00a0\u00bbwithout_pattern\u00a0\u00bb padding_top=\u00a0\u00bb95&Prime; padding_bottom=\u00a0\u00bb53&Prime; background_color=\u00a0\u00bb#ffffff\u00a0\u00bb][vc_column width=\u00a0\u00bb2\/3&Prime;][vc_column_text]Aerocycle travaille de concert avec de grandes soci\u00e9t\u00e9s soucieuses du d\u00e9veloppement durable afin de les aider \u00e0 g\u00e9rer leurs flottes en fin de vie de fa\u00e7on s\u00e9curitaire et socialement responsable. Nous mettons constamment au&#8230;<\/p>\n","protected":false},"author":2,"featured_media":0,"parent":15304,"menu_order":0,"comment_status":"closed","ping_status":"closed","template":"full_width.php","meta":{"footnotes":""},"class_list":["post-16745","page","type-page","status-publish","hentry"],"yoast_head":"<!-- This site is optimized with the Yoast SEO plugin v26.6 - https:\/\/yoast.com\/wordpress\/plugins\/seo\/ -->\n<title>Clients et partenaires - Aerocycle<\/title>\n<meta name=\"robots\" content=\"index, follow, max-snippet:-1, max-image-preview:large, max-video-preview:-1\" \/>\n<link rel=\"canonical\" href=\"https:\/\/www.aerocycle.com\/fr\/a-propos\/clients-et-partenaires\/\" \/>\n<meta property=\"og:locale\" content=\"fr_FR\" \/>\n<meta property=\"og:type\" content=\"article\" \/>\n<meta property=\"og:title\" content=\"Clients et partenaires - Aerocycle\" \/>\n<meta property=\"og:description\" content=\"[vc_row css_animation=\u00a0\u00bb\u00a0\u00bb row_type=\u00a0\u00bbrow\u00a0\u00bb use_row_as_full_screen_section=\u00a0\u00bbno\u00a0\u00bb type=\u00a0\u00bbgrid\u00a0\u00bb angled_section=\u00a0\u00bbno\u00a0\u00bb text_align=\u00a0\u00bbleft\u00a0\u00bb background_image_as_pattern=\u00a0\u00bbwithout_pattern\u00a0\u00bb padding_top=\u00a0\u00bb95&Prime; padding_bottom=\u00a0\u00bb53&Prime; background_color=\u00a0\u00bb#ffffff\u00a0\u00bb][vc_column width=\u00a0\u00bb2\/3&Prime;][vc_column_text]Aerocycle travaille de concert avec de grandes soci\u00e9t\u00e9s soucieuses du d\u00e9veloppement durable afin de les aider \u00e0 g\u00e9rer leurs flottes en fin de vie de fa\u00e7on s\u00e9curitaire et socialement responsable. Nous mettons constamment au...\" \/>\n<meta property=\"og:url\" content=\"https:\/\/www.aerocycle.com\/fr\/a-propos\/clients-et-partenaires\/\" \/>\n<meta property=\"og:site_name\" content=\"Aerocycle\" \/>\n<meta property=\"article:modified_time\" content=\"2024-05-01T20:36:58+00:00\" \/>\n<meta name=\"twitter:card\" content=\"summary_large_image\" \/>\n<meta name=\"twitter:label1\" content=\"Dur\u00e9e de lecture estim\u00e9e\" \/>\n\t<meta name=\"twitter:data1\" content=\"1 minute\" \/>\n<script type=\"application\/ld+json\" class=\"yoast-schema-graph\">{\"@context\":\"https:\/\/schema.org\",\"@graph\":[{\"@type\":\"WebPage\",\"@id\":\"https:\/\/www.aerocycle.com\/fr\/a-propos\/clients-et-partenaires\/\",\"url\":\"https:\/\/www.aerocycle.com\/fr\/a-propos\/clients-et-partenaires\/\",\"name\":\"Clients et partenaires - Aerocycle\",\"isPartOf\":{\"@id\":\"https:\/\/www.aerocycle.com\/fr\/#website\"},\"datePublished\":\"2019-06-11T17:03:48+00:00\",\"dateModified\":\"2024-05-01T20:36:58+00:00\",\"breadcrumb\":{\"@id\":\"https:\/\/www.aerocycle.com\/fr\/a-propos\/clients-et-partenaires\/#breadcrumb\"},\"inLanguage\":\"fr-FR\",\"potentialAction\":[{\"@type\":\"ReadAction\",\"target\":[\"https:\/\/www.aerocycle.com\/fr\/a-propos\/clients-et-partenaires\/\"]}]},{\"@type\":\"BreadcrumbList\",\"@id\":\"https:\/\/www.aerocycle.com\/fr\/a-propos\/clients-et-partenaires\/#breadcrumb\",\"itemListElement\":[{\"@type\":\"ListItem\",\"position\":1,\"name\":\"Accueil\",\"item\":\"https:\/\/www.aerocycle.com\/fr\/\"},{\"@type\":\"ListItem\",\"position\":2,\"name\":\"\u00c0 propos\",\"item\":\"https:\/\/www.aerocycle.com\/fr\/a-propos\/\"},{\"@type\":\"ListItem\",\"position\":3,\"name\":\"Clients et partenaires\"}]},{\"@type\":\"WebSite\",\"@id\":\"https:\/\/www.aerocycle.com\/fr\/#website\",\"url\":\"https:\/\/www.aerocycle.com\/fr\/\",\"name\":\"Aerocycle\",\"description\":\"Un site utilisant WordPress\",\"publisher\":{\"@id\":\"https:\/\/www.aerocycle.com\/fr\/#organization\"},\"potentialAction\":[{\"@type\":\"SearchAction\",\"target\":{\"@type\":\"EntryPoint\",\"urlTemplate\":\"https:\/\/www.aerocycle.com\/fr\/?s={search_term_string}\"},\"query-input\":{\"@type\":\"PropertyValueSpecification\",\"valueRequired\":true,\"valueName\":\"search_term_string\"}}],\"inLanguage\":\"fr-FR\"},{\"@type\":\"Organization\",\"@id\":\"https:\/\/www.aerocycle.com\/fr\/#organization\",\"name\":\"Aerocycle\",\"url\":\"https:\/\/www.aerocycle.com\/fr\/\",\"logo\":{\"@type\":\"ImageObject\",\"inLanguage\":\"fr-FR\",\"@id\":\"https:\/\/www.aerocycle.com\/fr\/#\/schema\/logo\/image\/\",\"url\":\"https:\/\/www.aerocycle.com\/wp-content\/uploads\/2019\/06\/logo-Aerocycle-s.png\",\"contentUrl\":\"https:\/\/www.aerocycle.com\/wp-content\/uploads\/2019\/06\/logo-Aerocycle-s.png\",\"width\":103,\"height\":50,\"caption\":\"Aerocycle\"},\"image\":{\"@id\":\"https:\/\/www.aerocycle.com\/fr\/#\/schema\/logo\/image\/\"}}]}<\/script>\n<!-- \/ Yoast SEO plugin. -->","yoast_head_json":{"title":"Clients et partenaires - Aerocycle","robots":{"index":"index","follow":"follow","max-snippet":"max-snippet:-1","max-image-preview":"max-image-preview:large","max-video-preview":"max-video-preview:-1"},"canonical":"https:\/\/www.aerocycle.com\/fr\/a-propos\/clients-et-partenaires\/","og_locale":"fr_FR","og_type":"article","og_title":"Clients et partenaires - Aerocycle","og_description":"[vc_row css_animation=\u00a0\u00bb\u00a0\u00bb row_type=\u00a0\u00bbrow\u00a0\u00bb use_row_as_full_screen_section=\u00a0\u00bbno\u00a0\u00bb type=\u00a0\u00bbgrid\u00a0\u00bb angled_section=\u00a0\u00bbno\u00a0\u00bb text_align=\u00a0\u00bbleft\u00a0\u00bb background_image_as_pattern=\u00a0\u00bbwithout_pattern\u00a0\u00bb padding_top=\u00a0\u00bb95&Prime; padding_bottom=\u00a0\u00bb53&Prime; background_color=\u00a0\u00bb#ffffff\u00a0\u00bb][vc_column width=\u00a0\u00bb2\/3&Prime;][vc_column_text]Aerocycle travaille de concert avec de grandes soci\u00e9t\u00e9s soucieuses du d\u00e9veloppement durable afin de les aider \u00e0 g\u00e9rer leurs flottes en fin de vie de fa\u00e7on s\u00e9curitaire et socialement responsable. Nous mettons constamment au...","og_url":"https:\/\/www.aerocycle.com\/fr\/a-propos\/clients-et-partenaires\/","og_site_name":"Aerocycle","article_modified_time":"2024-05-01T20:36:58+00:00","twitter_card":"summary_large_image","twitter_misc":{"Dur\u00e9e de lecture estim\u00e9e":"1 minute"},"schema":{"@context":"https:\/\/schema.org","@graph":[{"@type":"WebPage","@id":"https:\/\/www.aerocycle.com\/fr\/a-propos\/clients-et-partenaires\/","url":"https:\/\/www.aerocycle.com\/fr\/a-propos\/clients-et-partenaires\/","name":"Clients et partenaires - Aerocycle","isPartOf":{"@id":"https:\/\/www.aerocycle.com\/fr\/#website"},"datePublished":"2019-06-11T17:03:48+00:00","dateModified":"2024-05-01T20:36:58+00:00","breadcrumb":{"@id":"https:\/\/www.aerocycle.com\/fr\/a-propos\/clients-et-partenaires\/#breadcrumb"},"inLanguage":"fr-FR","potentialAction":[{"@type":"ReadAction","target":["https:\/\/www.aerocycle.com\/fr\/a-propos\/clients-et-partenaires\/"]}]},{"@type":"BreadcrumbList","@id":"https:\/\/www.aerocycle.com\/fr\/a-propos\/clients-et-partenaires\/#breadcrumb","itemListElement":[{"@type":"ListItem","position":1,"name":"Accueil","item":"https:\/\/www.aerocycle.com\/fr\/"},{"@type":"ListItem","position":2,"name":"\u00c0 propos","item":"https:\/\/www.aerocycle.com\/fr\/a-propos\/"},{"@type":"ListItem","position":3,"name":"Clients et partenaires"}]},{"@type":"WebSite","@id":"https:\/\/www.aerocycle.com\/fr\/#website","url":"https:\/\/www.aerocycle.com\/fr\/","name":"Aerocycle","description":"Un site utilisant WordPress","publisher":{"@id":"https:\/\/www.aerocycle.com\/fr\/#organization"},"potentialAction":[{"@type":"SearchAction","target":{"@type":"EntryPoint","urlTemplate":"https:\/\/www.aerocycle.com\/fr\/?s={search_term_string}"},"query-input":{"@type":"PropertyValueSpecification","valueRequired":true,"valueName":"search_term_string"}}],"inLanguage":"fr-FR"},{"@type":"Organization","@id":"https:\/\/www.aerocycle.com\/fr\/#organization","name":"Aerocycle","url":"https:\/\/www.aerocycle.com\/fr\/","logo":{"@type":"ImageObject","inLanguage":"fr-FR","@id":"https:\/\/www.aerocycle.com\/fr\/#\/schema\/logo\/image\/","url":"https:\/\/www.aerocycle.com\/wp-content\/uploads\/2019\/06\/logo-Aerocycle-s.png","contentUrl":"https:\/\/www.aerocycle.com\/wp-content\/uploads\/2019\/06\/logo-Aerocycle-s.png","width":103,"height":50,"caption":"Aerocycle"},"image":{"@id":"https:\/\/www.aerocycle.com\/fr\/#\/schema\/logo\/image\/"}}]}},"_links":{"self":[{"href":"https:\/\/www.aerocycle.com\/fr\/wp-json\/wp\/v2\/pages\/16745","targetHints":{"allow":["GET"]}}],"collection":[{"href":"https:\/\/www.aerocycle.com\/fr\/wp-json\/wp\/v2\/pages"}],"about":[{"href":"https:\/\/www.aerocycle.com\/fr\/wp-json\/wp\/v2\/types\/page"}],"author":[{"embeddable":true,"href":"https:\/\/www.aerocycle.com\/fr\/wp-json\/wp\/v2\/users\/2"}],"replies":[{"embeddable":true,"href":"https:\/\/www.aerocycle.com\/fr\/wp-json\/wp\/v2\/comments?post=16745"}],"version-history":[{"count":1,"href":"https:\/\/www.aerocycle.com\/fr\/wp-json\/wp\/v2\/pages\/16745\/revisions"}],"predecessor-version":[{"id":18350,"href":"https:\/\/www.aerocycle.com\/fr\/wp-json\/wp\/v2\/pages\/16745\/revisions\/18350"}],"up":[{"embeddable":true,"href":"https:\/\/www.aerocycle.com\/fr\/wp-json\/wp\/v2\/pages\/15304"}],"wp:attachment":[{"href":"https:\/\/www.aerocycle.com\/fr\/wp-json\/wp\/v2\/media?parent=16745"}],"curies":[{"name":"wp","href":"https:\/\/api.w.org\/{rel}","templated":true}]}}