{"id":18592,"date":"2025-08-07T19:44:18","date_gmt":"2025-08-07T17:44:18","guid":{"rendered":"https:\/\/www.aerocycle.com\/disclaimer\/"},"modified":"2025-08-07T19:58:45","modified_gmt":"2025-08-07T17:58:45","slug":"avertissement","status":"publish","type":"page","link":"https:\/\/www.aerocycle.com\/fr\/avertissement\/","title":{"rendered":"Avertissement"},"content":{"rendered":"\n<!-- Legal document generated by Complianz | GDPR\/CCPA Cookie Consent https:\/\/wordpress.org\/plugins\/complianz-gdpr -->\n<div id=\"cmplz-document\" class=\"cmplz-document disclaimer cmplz-document-all\"><p>Aerocycle s\u2019engage \u00e0 maintenir ce site web \u00e0 jour en temps et en heure. Si toutefois vous rencontriez un probl\u00e8me ou des donn\u00e9es obsol\u00e8te, nous vous serions reconnaissants de nous le faire savoir. Veuillez indiquer o\u00f9 sur le site web vous lisez les informations incorrectes. Nous examinerons cela d\u00e8s que possible. Veuillez envoyer votre r\u00e9ponse par e-mail \u00e0: <span class=\"cmplz-obfuscate\">rhaber@<span class=\"cmplz-fmail-domain\">ex&#046;&#099;&#111;m<\/span>&#097;&#101;r&#111;&#099;yc&#108;&#101;.c&#111;m<\/span>.<\/p><p>Nous ne sommes pas responsables des pertes r\u00e9sultant d\u2019inexactitudes ou de lacunes, ni des pertes r\u00e9sultant de probl\u00e8mes caus\u00e9s par ou inh\u00e9rents \u00e0 la diffusion d\u2019informations par Internet, tels que des perturbations ou des interruptions. Lors de l\u2019utilisation de formulaires Web, nous nous effor\u00e7ons de limiter le nombre de champs obligatoires au minimum. Pour toute perte subie \u00e0 la suite de l\u2019utilisation de donn\u00e9es, de conseils ou d\u2019id\u00e9es fournis par ou au nom de Aerocycle via ce site web, Aerocycle n\u2019assume aucune responsabilit\u00e9.<\/p><p>L\u2019utilisation du site web et de tous ses composants (y compris les forums) est soumise aux <a href=\"https:\/\/www.aerocycle.com\" target=\"_blank\">conditions d\u2019utilisation<\/a>. La simple utilisation de ce site Web implique la connaissance et l\u2019acceptation des pr\u00e9sentes conditions d\u2019utilisation.<\/p><p>Aerocycle doit faire tous les efforts possibles pour prot\u00e9ger ses syst\u00e8mes contre toute forme d\u2019utilisation illicite. Aerocycle doit mettre en \u0153uvre les mesures techniques et organisationnelles appropri\u00e9es \u00e0 cette fin, en tenant compte, entre autres, de l\u2019\u00e9tat de l\u2019art. Toutefois, il ne saurait \u00eatre tenu pour responsable de quelque pr\u00e9judice que ce soit, direct et\/ou indirect, subi par un utilisateur du site web, r\u00e9sultant de l\u2019utilisation ill\u00e9gale de ses syst\u00e8mes par une tierce partie.<\/p><p>Aerocycle d\u00e9cline toute responsabilit\u00e9 quant au contenu des sites web auxquels ou \u00e0 partir desquels un hyperlien ou une autre r\u00e9f\u00e9rence est faite. Les produits ou services offerts par des tierces parties sont soumis aux termes et conditions applicables de ces tierces parties.<\/p><p>Tous les droits de propri\u00e9t\u00e9 intellectuelle sur le contenu de ce site web sont la propri\u00e9t\u00e9 de Aerocycle.<\/p><p>La copie, la diffusion et toute autre utilisation de ces documents sont interdites sans l\u2019autorisation \u00e9crite de Aerocycle , sauf si et dans la mesure o\u00f9 le stipule une r\u00e9glementation imp\u00e9rative (telle que le droit de citer), sauf indication contraire du contenu.<\/p><p>Si vous avez des questions ou des probl\u00e8mes d\u2019accessibilit\u00e9 du site, n\u2019h\u00e9sitez pas \u00e0 nous contacter.<\/p><\/div>\n","protected":false},"excerpt":{"rendered":"Aerocycle s\u2019engage \u00e0 maintenir ce site web \u00e0 jour en temps et en heure. Si toutefois vous rencontriez un probl\u00e8me ou des donn\u00e9es obsol\u00e8te, nous vous serions reconnaissants de nous le faire savoir. Veuillez indiquer o\u00f9 sur le site web vous lisez les informations incorrectes....","protected":false},"author":1,"featured_media":0,"parent":0,"menu_order":0,"comment_status":"closed","ping_status":"closed","template":"","meta":{"footnotes":""},"class_list":["post-18592","page","type-page","status-publish","hentry"],"yoast_head":"<!-- This site is optimized with the Yoast SEO plugin v26.6 - https:\/\/yoast.com\/wordpress\/plugins\/seo\/ -->\n<title>Avertissement - Aerocycle<\/title>\n<meta name=\"robots\" content=\"index, follow, max-snippet:-1, max-image-preview:large, max-video-preview:-1\" \/>\n<link rel=\"canonical\" href=\"https:\/\/www.aerocycle.com\/fr\/avertissement\/\" \/>\n<meta property=\"og:locale\" content=\"fr_FR\" \/>\n<meta property=\"og:type\" content=\"article\" \/>\n<meta property=\"og:title\" content=\"Avertissement - Aerocycle\" \/>\n<meta property=\"og:url\" content=\"https:\/\/www.aerocycle.com\/fr\/avertissement\/\" \/>\n<meta property=\"og:site_name\" content=\"Aerocycle\" \/>\n<meta property=\"article:modified_time\" content=\"2025-08-07T17:58:45+00:00\" \/>\n<meta name=\"twitter:card\" content=\"summary_large_image\" \/>\n<meta name=\"twitter:label1\" content=\"Dur\u00e9e de lecture estim\u00e9e\" \/>\n\t<meta name=\"twitter:data1\" content=\"1 minute\" \/>\n<script type=\"application\/ld+json\" class=\"yoast-schema-graph\">{\"@context\":\"https:\/\/schema.org\",\"@graph\":[{\"@type\":\"WebPage\",\"@id\":\"https:\/\/www.aerocycle.com\/fr\/avertissement\/\",\"url\":\"https:\/\/www.aerocycle.com\/fr\/avertissement\/\",\"name\":\"Avertissement - Aerocycle\",\"isPartOf\":{\"@id\":\"https:\/\/www.aerocycle.com\/fr\/#website\"},\"datePublished\":\"2025-08-07T17:44:18+00:00\",\"dateModified\":\"2025-08-07T17:58:45+00:00\",\"breadcrumb\":{\"@id\":\"https:\/\/www.aerocycle.com\/fr\/avertissement\/#breadcrumb\"},\"inLanguage\":\"fr-FR\",\"potentialAction\":[{\"@type\":\"ReadAction\",\"target\":[\"https:\/\/www.aerocycle.com\/fr\/avertissement\/\"]}]},{\"@type\":\"BreadcrumbList\",\"@id\":\"https:\/\/www.aerocycle.com\/fr\/avertissement\/#breadcrumb\",\"itemListElement\":[{\"@type\":\"ListItem\",\"position\":1,\"name\":\"Accueil\",\"item\":\"https:\/\/www.aerocycle.com\/fr\/\"},{\"@type\":\"ListItem\",\"position\":2,\"name\":\"Avertissement\"}]},{\"@type\":\"WebSite\",\"@id\":\"https:\/\/www.aerocycle.com\/fr\/#website\",\"url\":\"https:\/\/www.aerocycle.com\/fr\/\",\"name\":\"Aerocycle\",\"description\":\"Un site utilisant WordPress\",\"publisher\":{\"@id\":\"https:\/\/www.aerocycle.com\/fr\/#organization\"},\"potentialAction\":[{\"@type\":\"SearchAction\",\"target\":{\"@type\":\"EntryPoint\",\"urlTemplate\":\"https:\/\/www.aerocycle.com\/fr\/?s={search_term_string}\"},\"query-input\":{\"@type\":\"PropertyValueSpecification\",\"valueRequired\":true,\"valueName\":\"search_term_string\"}}],\"inLanguage\":\"fr-FR\"},{\"@type\":\"Organization\",\"@id\":\"https:\/\/www.aerocycle.com\/fr\/#organization\",\"name\":\"Aerocycle\",\"url\":\"https:\/\/www.aerocycle.com\/fr\/\",\"logo\":{\"@type\":\"ImageObject\",\"inLanguage\":\"fr-FR\",\"@id\":\"https:\/\/www.aerocycle.com\/fr\/#\/schema\/logo\/image\/\",\"url\":\"https:\/\/www.aerocycle.com\/wp-content\/uploads\/2019\/06\/logo-Aerocycle-s.png\",\"contentUrl\":\"https:\/\/www.aerocycle.com\/wp-content\/uploads\/2019\/06\/logo-Aerocycle-s.png\",\"width\":103,\"height\":50,\"caption\":\"Aerocycle\"},\"image\":{\"@id\":\"https:\/\/www.aerocycle.com\/fr\/#\/schema\/logo\/image\/\"}}]}<\/script>\n<!-- \/ Yoast SEO plugin. -->","yoast_head_json":{"title":"Avertissement - Aerocycle","robots":{"index":"index","follow":"follow","max-snippet":"max-snippet:-1","max-image-preview":"max-image-preview:large","max-video-preview":"max-video-preview:-1"},"canonical":"https:\/\/www.aerocycle.com\/fr\/avertissement\/","og_locale":"fr_FR","og_type":"article","og_title":"Avertissement - Aerocycle","og_url":"https:\/\/www.aerocycle.com\/fr\/avertissement\/","og_site_name":"Aerocycle","article_modified_time":"2025-08-07T17:58:45+00:00","twitter_card":"summary_large_image","twitter_misc":{"Dur\u00e9e de lecture estim\u00e9e":"1 minute"},"schema":{"@context":"https:\/\/schema.org","@graph":[{"@type":"WebPage","@id":"https:\/\/www.aerocycle.com\/fr\/avertissement\/","url":"https:\/\/www.aerocycle.com\/fr\/avertissement\/","name":"Avertissement - Aerocycle","isPartOf":{"@id":"https:\/\/www.aerocycle.com\/fr\/#website"},"datePublished":"2025-08-07T17:44:18+00:00","dateModified":"2025-08-07T17:58:45+00:00","breadcrumb":{"@id":"https:\/\/www.aerocycle.com\/fr\/avertissement\/#breadcrumb"},"inLanguage":"fr-FR","potentialAction":[{"@type":"ReadAction","target":["https:\/\/www.aerocycle.com\/fr\/avertissement\/"]}]},{"@type":"BreadcrumbList","@id":"https:\/\/www.aerocycle.com\/fr\/avertissement\/#breadcrumb","itemListElement":[{"@type":"ListItem","position":1,"name":"Accueil","item":"https:\/\/www.aerocycle.com\/fr\/"},{"@type":"ListItem","position":2,"name":"Avertissement"}]},{"@type":"WebSite","@id":"https:\/\/www.aerocycle.com\/fr\/#website","url":"https:\/\/www.aerocycle.com\/fr\/","name":"Aerocycle","description":"Un site utilisant WordPress","publisher":{"@id":"https:\/\/www.aerocycle.com\/fr\/#organization"},"potentialAction":[{"@type":"SearchAction","target":{"@type":"EntryPoint","urlTemplate":"https:\/\/www.aerocycle.com\/fr\/?s={search_term_string}"},"query-input":{"@type":"PropertyValueSpecification","valueRequired":true,"valueName":"search_term_string"}}],"inLanguage":"fr-FR"},{"@type":"Organization","@id":"https:\/\/www.aerocycle.com\/fr\/#organization","name":"Aerocycle","url":"https:\/\/www.aerocycle.com\/fr\/","logo":{"@type":"ImageObject","inLanguage":"fr-FR","@id":"https:\/\/www.aerocycle.com\/fr\/#\/schema\/logo\/image\/","url":"https:\/\/www.aerocycle.com\/wp-content\/uploads\/2019\/06\/logo-Aerocycle-s.png","contentUrl":"https:\/\/www.aerocycle.com\/wp-content\/uploads\/2019\/06\/logo-Aerocycle-s.png","width":103,"height":50,"caption":"Aerocycle"},"image":{"@id":"https:\/\/www.aerocycle.com\/fr\/#\/schema\/logo\/image\/"}}]}},"_links":{"self":[{"href":"https:\/\/www.aerocycle.com\/fr\/wp-json\/wp\/v2\/pages\/18592","targetHints":{"allow":["GET"]}}],"collection":[{"href":"https:\/\/www.aerocycle.com\/fr\/wp-json\/wp\/v2\/pages"}],"about":[{"href":"https:\/\/www.aerocycle.com\/fr\/wp-json\/wp\/v2\/types\/page"}],"author":[{"embeddable":true,"href":"https:\/\/www.aerocycle.com\/fr\/wp-json\/wp\/v2\/users\/1"}],"replies":[{"embeddable":true,"href":"https:\/\/www.aerocycle.com\/fr\/wp-json\/wp\/v2\/comments?post=18592"}],"version-history":[{"count":1,"href":"https:\/\/www.aerocycle.com\/fr\/wp-json\/wp\/v2\/pages\/18592\/revisions"}],"predecessor-version":[{"id":18593,"href":"https:\/\/www.aerocycle.com\/fr\/wp-json\/wp\/v2\/pages\/18592\/revisions\/18593"}],"wp:attachment":[{"href":"https:\/\/www.aerocycle.com\/fr\/wp-json\/wp\/v2\/media?parent=18592"}],"curies":[{"name":"wp","href":"https:\/\/api.w.org\/{rel}","templated":true}]}}